{"id":7114,"date":"2016-05-17T13:14:06","date_gmt":"2016-05-17T11:14:06","guid":{"rendered":"https:\/\/www.tiberi.es\/catering-shop-mallorca\/?page_id=7114"},"modified":"2022-01-10T19:22:09","modified_gmt":"2022-01-10T17:22:09","slug":"platos-preparados-y-productos-para-barcos-y-yates","status":"publish","type":"page","link":"https:\/\/www.tiberi.es\/catering-shop-mallorca\/platos-preparados-y-productos-para-barcos-y-yates\/","title":{"rendered":"Platos preparados y productos para barcos y yates"},"content":{"rendered":"<section class=\"l-section wpb_row height_small\"><div class=\"l-section-h i-cf\"><div class=\"g-cols vc_row via_flex valign_top type_default stacking_default\"><div class=\"vc_col-sm-12 wpb_column vc_column_container\"><div class=\"vc_column-inner\"><div class=\"wpb_wrapper\"><div class=\"wpb_text_column\"><div class=\"wpb_wrapper\"><p>En Tiberi contamos con una amplia experiencia en el sector n\u00e1utico. Esta temporada hemos dise\u00f1ado men\u00fas y platos innovadores para el mundo n\u00e1utico ideales para regatas, salidas en barco, ch\u00e1rters\u2026 tanto en puerto como en alta mar. Para ello apostamos por materias primas elaboradas y producidas en nuestro entorno, garantizando la m\u00e1xima frescura y calidad que nuestros clientes conocen y esperan. Escoge entre todos nuestros productos para crear tu propio men\u00fa y realiza de forma f\u00e1cil y sencilla tu pedido online. Lo puedes venir a buscar a nuestra tienda o te lo llevamos a cualquier puerto de Mallorca.<\/p>\n<p>Si necesitas consejo o una oferta personalizada, no dudes en ponerte en contacto con nuestro equipo rellenando el <a href=\"https:\/\/www.tiberi.es\/catering-shop-mallorca\/contacto\/?your-subject=Productos+para+Embarcaciones\"><strong>formulario web<\/strong><\/a> o llamando al 971 733 062.<\/p>\n<p>Si necesitas servicios adicionales (cocineros, camareros, decoraci\u00f3n, vajilla, muebles&#8230;) en Tiberi tambi\u00e9n los ponemos a tu disposici\u00f3n, para ello visita nuestra secci\u00f3n <strong><a href=\"https:\/\/www.tiberi.es\/catering-shop-mallorca\/servicios\/\">Servicios<\/a><\/strong>.<\/p>\n<\/div><\/div><\/div><\/div><\/div><\/div><\/div><\/section><section class=\"l-section wpb_row height_small\"><div class=\"l-section-h i-cf\"><div class=\"g-cols vc_row via_flex valign_top type_default stacking_default\"><div class=\"vc_col-sm-4 wpb_column vc_column_container us_animate_hfc\"><div class=\"vc_column-inner\"><div class=\"wpb_wrapper\"><a href=\"https:\/\/www.tiberi.es\/catering-shop-mallorca\/categoria-producto\/carta-de-gourmet\/\"  class=\"ult_price_action_button\"><div class=\"ult_pricing_table_wrap ult_info_table ult_design_1  ult-cs-custom \">\n\t\t\t\t\t<div class=\"ult_pricing_table info_min_ht\" style=\"background:#ffffff;color:#486750; min-height:350px;\"><div class=\"ult_pricing_heading\" id=\"Info-table-wrap-7745\">\n\t\t\t\t\t\t\t<h3 class=\"ult-responsive\"  data-ultimate-target='#Info-table-wrap-7745 h3'  data-responsive-json-new='{\"font-size\":\"\",\"line-height\":\"\"}'  style=\"font-weight:normal;\">Yates Gourmet<\/h3><\/div><!--ult_pricing_heading--><div class=\"ult_price_body_block\">\n\t\t\t\t\t\t\t<div class=\"ult_price_body\">\n\t\t\t\t\t\t\t\t<div class=\"ult_price\">\n\t\t\t\t\t\t\t\t<div class=\"ult-just-icon-wrapper  \"><div class=\"align-icon\" style=\"text-align:center;\">\n<div class=\"aio-icon-img \" style=\"font-size:200px;display:inline-block;\" >\n\t<img decoding=\"async\" class=\"img-icon\" alt=\"\" src=\"https:\/\/www.tiberi.es\/catering-shop-mallorca\/wp-content\/uploads\/2014\/03\/lechona-deshuesada.jpg\"\/>\n<\/div><\/div><\/div>\n\t\t\t\t\t\t\t\t<\/div>\n\t\t\t\t\t\t\t<\/div>\n\t\t\t\t\t\t<\/div><!--ult_price_body_block--><div id=\"info_table_features_wrap-6787\"  data-ultimate-target='#info_table_features_wrap-6787.ult_price_features'  data-responsive-json-new='{\"font-size\":\"\",\"line-height\":\"\"}'  class=\"ult-responsive ult_price_features\" style=\"font-weight:normal;\">\n\t\t\t\t\t\t\t<p>Elaboramos platos gourmet para las ocasiones especiales o simplemente para concederse un capricho un d\u00eda cualquiera.<\/p>\n\n\t\t\t\t\t\t<\/div><!--ult_price_features--><div class=\"ult_clr\"><\/div>\n\t\t\t<\/div><!--pricing_table-->\n\t\t<\/div><!--pricing_table_wrap--><\/a><\/div><\/div><\/div><div class=\"vc_col-sm-4 wpb_column vc_column_container us_animate_hfc\"><div class=\"vc_column-inner\"><div class=\"wpb_wrapper\"><a href=\"http:\/\/www.tiberi.es\/catering-shop-mallorca\/todos-los-productos\/\"  class=\"ult_price_action_button\"><div class=\"ult_pricing_table_wrap ult_info_table ult_design_1  ult-cs-custom \">\n\t\t\t\t\t<div class=\"ult_pricing_table info_min_ht\" style=\"background:#ffffff;color:#486750; min-height:350px;\"><div class=\"ult_pricing_heading\" id=\"Info-table-wrap-4938\">\n\t\t\t\t\t\t\t<h3 class=\"ult-responsive\"  data-ultimate-target='#Info-table-wrap-4938 h3'  data-responsive-json-new='{\"font-size\":\"\",\"line-height\":\"\"}'  style=\"font-weight:normal;\">Yates diario<\/h3><\/div><!--ult_pricing_heading--><div class=\"ult_price_body_block\">\n\t\t\t\t\t\t\t<div class=\"ult_price_body\">\n\t\t\t\t\t\t\t\t<div class=\"ult_price\">\n\t\t\t\t\t\t\t\t<div class=\"ult-just-icon-wrapper  \"><div class=\"align-icon\" style=\"text-align:center;\">\n<div class=\"aio-icon-img \" style=\"font-size:200px;display:inline-block;\" >\n\t<img decoding=\"async\" class=\"img-icon\" alt=\"\" src=\"https:\/\/www.tiberi.es\/catering-shop-mallorca\/wp-content\/uploads\/2015\/12\/comida-tradicional.jpg\"\/>\n<\/div><\/div><\/div>\n\t\t\t\t\t\t\t\t<\/div>\n\t\t\t\t\t\t\t<\/div>\n\t\t\t\t\t\t<\/div><!--ult_price_body_block--><div id=\"info_table_features_wrap-9235\"  data-ultimate-target='#info_table_features_wrap-9235.ult_price_features'  data-responsive-json-new='{\"font-size\":\"\",\"line-height\":\"\"}'  class=\"ult-responsive ult_price_features\" style=\"font-weight:normal;\">\n\t\t\t\t\t\t\t<p>Si quieres conocer todos los productos de Tiberi Catering Shop y elaborar tu propio men\u00fa, aqu\u00ed tienes nuestra carta a un solo click.<\/p>\n\n\t\t\t\t\t\t<\/div><!--ult_price_features--><div class=\"ult_clr\"><\/div>\n\t\t\t<\/div><!--pricing_table-->\n\t\t<\/div><!--pricing_table_wrap--><\/a><\/div><\/div><\/div><div class=\"vc_col-sm-4 wpb_column vc_column_container us_animate_hfc\"><div class=\"vc_column-inner\"><div class=\"wpb_wrapper\"><a href=\"http:\/\/www.tiberi.es\/catering-shop-mallorca\/platos-preparados-y-productos-para-barcos-y-yates\/servicios-premium-yates\/\"  class=\"ult_price_action_button\"><div class=\"ult_pricing_table_wrap ult_info_table ult_design_1  ult-cs-custom \">\n\t\t\t\t\t<div class=\"ult_pricing_table info_min_ht\" style=\"background:#ffffff;color:#486750; min-height:350px;\"><div class=\"ult_pricing_heading\" id=\"Info-table-wrap-9827\">\n\t\t\t\t\t\t\t<h3 class=\"ult-responsive\"  data-ultimate-target='#Info-table-wrap-9827 h3'  data-responsive-json-new='{\"font-size\":\"\",\"line-height\":\"\"}'  style=\"font-weight:normal;\">Servicios Premium<\/h3><\/div><!--ult_pricing_heading--><div class=\"ult_price_body_block\">\n\t\t\t\t\t\t\t<div class=\"ult_price_body\">\n\t\t\t\t\t\t\t\t<div class=\"ult_price\">\n\t\t\t\t\t\t\t\t<div class=\"ult-just-icon-wrapper  \"><div class=\"align-icon\" style=\"text-align:center;\">\n<div class=\"aio-icon-img \" style=\"font-size:200px;display:inline-block;\" >\n\t<img decoding=\"async\" class=\"img-icon\" alt=\"\" src=\"https:\/\/www.tiberi.es\/catering-shop-mallorca\/wp-content\/uploads\/2015\/05\/dulces-unidad-autor.jpg\"\/>\n<\/div><\/div><\/div>\n\t\t\t\t\t\t\t\t<\/div>\n\t\t\t\t\t\t\t<\/div>\n\t\t\t\t\t\t<\/div><!--ult_price_body_block--><div id=\"info_table_features_wrap-4747\"  data-ultimate-target='#info_table_features_wrap-4747.ult_price_features'  data-responsive-json-new='{\"font-size\":\"\",\"line-height\":\"\"}'  class=\"ult-responsive ult_price_features\" style=\"font-weight:normal;\">\n\t\t\t\t\t\t\t<p>Propuestas espec\u00edficas y servicios especiales para yates, tanto a bordo como en tierra: un c\u00f3ctel, un brunch, una comida, una cena\u2026<\/p>\n\n\t\t\t\t\t\t<\/div><!--ult_price_features--><div class=\"ult_clr\"><\/div>\n\t\t\t<\/div><!--pricing_table-->\n\t\t<\/div><!--pricing_table_wrap--><\/a><\/div><\/div><\/div><\/div><\/div><\/section>\n","protected":false},"excerpt":{"rendered":"En Tiberi contamos con una amplia experiencia en el sector n\u00e1utico. Esta temporada hemos dise\u00f1ado men\u00fas y platos innovadores para el mundo n\u00e1utico ideales para regatas, salidas en barco, ch\u00e1rters\u2026 tanto en puerto como en alta mar. Para ello apostamos por materias primas elaboradas y producidas en nuestro entorno, garantizando la m\u00e1xima frescura y calidad...","protected":false},"author":1,"featured_media":0,"parent":0,"menu_order":0,"comment_status":"closed","ping_status":"closed","template":"","meta":{"footnotes":""},"class_list":["post-7114","page","type-page","status-publish","hentry"],"_links":{"self":[{"href":"https:\/\/www.tiberi.es\/catering-shop-mallorca\/wp-json\/wp\/v2\/pages\/7114","targetHints":{"allow":["GET"]}}],"collection":[{"href":"https:\/\/www.tiberi.es\/catering-shop-mallorca\/wp-json\/wp\/v2\/pages"}],"about":[{"href":"https:\/\/www.tiberi.es\/catering-shop-mallorca\/wp-json\/wp\/v2\/types\/page"}],"author":[{"embeddable":true,"href":"https:\/\/www.tiberi.es\/catering-shop-mallorca\/wp-json\/wp\/v2\/users\/1"}],"replies":[{"embeddable":true,"href":"https:\/\/www.tiberi.es\/catering-shop-mallorca\/wp-json\/wp\/v2\/comments?post=7114"}],"version-history":[{"count":25,"href":"https:\/\/www.tiberi.es\/catering-shop-mallorca\/wp-json\/wp\/v2\/pages\/7114\/revisions"}],"predecessor-version":[{"id":10173,"href":"https:\/\/www.tiberi.es\/catering-shop-mallorca\/wp-json\/wp\/v2\/pages\/7114\/revisions\/10173"}],"wp:attachment":[{"href":"https:\/\/www.tiberi.es\/catering-shop-mallorca\/wp-json\/wp\/v2\/media?parent=7114"}],"curies":[{"name":"wp","href":"https:\/\/api.w.org\/{rel}","templated":true}]}}