{"id":7204,"date":"2016-05-25T11:03:55","date_gmt":"2016-05-25T09:03:55","guid":{"rendered":"https:\/\/www.tiberi.es\/catering-shop-mallorca\/?page_id=7204"},"modified":"2022-01-10T19:47:24","modified_gmt":"2022-01-10T17:47:24","slug":"platos-preparados-y-productos-para-particulares","status":"publish","type":"page","link":"https:\/\/www.tiberi.es\/catering-shop-mallorca\/platos-preparados-y-productos-para-particulares\/","title":{"rendered":"Platos preparados y productos para particulares"},"content":{"rendered":"<section class=\"l-section wpb_row height_small\"><div class=\"l-section-h i-cf\"><div class=\"g-cols vc_row via_flex valign_top type_default stacking_default\"><div class=\"vc_col-sm-12 wpb_column vc_column_container\"><div class=\"vc_column-inner\"><div class=\"wpb_wrapper\"><div class=\"wpb_text_column\"><div class=\"wpb_wrapper\"><p>En Tiberi cocinamos por y para ti. Nuestros platos est\u00e1n basados en una gastronom\u00eda tradicional e innovadora con ingredientes de la tierra de Mallorca y del mar Mediterr\u00e1neo. En nuestra carta para particulares encontrar\u00e1s platos ideales tanto para men\u00fas diarios como celebraciones especiales. Recuerda que puedes venir a recoger el pedido a nuestro restaurante o que te lo llevamos donde t\u00fa quieras.<\/p>\n<p>Si necesitas consejo o una oferta personalizada, no dudes en ponerte en contacto con nuestro equipo rellenando el <a href=\"https:\/\/www.tiberi.es\/catering-shop-mallorca\/contacto\/?your-subject=Productos+para+Particulares\"><strong>formulario web<\/strong><\/a> o llamando al <strong>971 733 062<\/strong>.<\/p>\n<p>Si necesitas servicios adicionales (cocineros, camareros, decoraci\u00f3n, vajilla, muebles&#8230;) en Tiberi tambi\u00e9n los ponemos a tu disposici\u00f3n, para ello visita nuestra secci\u00f3n <strong><a href=\"https:\/\/www.tiberi.es\/catering-shop-mallorca\/servicios\/\">Servicios<\/a><\/strong>.<\/p>\n<\/div><\/div><\/div><\/div><\/div><\/div><\/div><\/section><section class=\"l-section wpb_row height_small\"><div class=\"l-section-h i-cf\"><div class=\"g-cols vc_row via_flex valign_top type_default stacking_default\"><div class=\"vc_col-sm-4 wpb_column vc_column_container us_animate_hfc\"><div class=\"vc_column-inner\"><div class=\"wpb_wrapper\"><a href=\"http:\/\/www.tiberi.es\/catering-shop-mallorca\/categoria-producto\/finger-food-aperitivos\/\"  class=\"ult_price_action_button\"><div class=\"ult_pricing_table_wrap ult_info_table ult_design_1  ult-cs-custom \">\n\t\t\t\t\t<div class=\"ult_pricing_table info_min_ht\" style=\"background:#ffffff;color:#486750; min-height:350px;\"><div class=\"ult_pricing_heading\" id=\"Info-table-wrap-7870\">\n\t\t\t\t\t\t\t<h3 class=\"ult-responsive\"  data-ultimate-target='#Info-table-wrap-7870 h3'  data-responsive-json-new='{\"font-size\":\"\",\"line-height\":\"\"}'  style=\"font-weight:normal;\">Aperitivos<\/h3><\/div><!--ult_pricing_heading--><div class=\"ult_price_body_block\">\n\t\t\t\t\t\t\t<div class=\"ult_price_body\">\n\t\t\t\t\t\t\t\t<div class=\"ult_price\">\n\t\t\t\t\t\t\t\t<div class=\"ult-just-icon-wrapper  \"><div class=\"align-icon\" style=\"text-align:center;\">\n<div class=\"aio-icon-img \" style=\"font-size:200px;display:inline-block;\" >\n\t<img decoding=\"async\" class=\"img-icon\" alt=\"\" src=\"https:\/\/www.tiberi.es\/catering-shop-mallorca\/wp-content\/uploads\/2015\/01\/aperitivos-en-miniatura-vol-au-vent.jpg\"\/>\n<\/div><\/div><\/div>\n\t\t\t\t\t\t\t\t<\/div>\n\t\t\t\t\t\t\t<\/div>\n\t\t\t\t\t\t<\/div><!--ult_price_body_block--><div id=\"info_table_features_wrap-1035\"  data-ultimate-target='#info_table_features_wrap-1035.ult_price_features'  data-responsive-json-new='{\"font-size\":\"\",\"line-height\":\"\"}'  class=\"ult-responsive ult_price_features\" style=\"font-weight:normal;\">\n\t\t\t\t\t\t\t<p>Sandwiches, bocadillos, montaditos, canap\u00e9s, cocas, brochetas, wraps y m\u00e1s finger food ideal para cualquier ocasi\u00f3n<\/p>\n\n\t\t\t\t\t\t<\/div><!--ult_price_features--><div class=\"ult_clr\"><\/div>\n\t\t\t<\/div><!--pricing_table-->\n\t\t<\/div><!--pricing_table_wrap--><\/a><\/div><\/div><\/div><div class=\"vc_col-sm-4 wpb_column vc_column_container us_animate_hfc\"><div class=\"vc_column-inner\"><div class=\"wpb_wrapper\"><a href=\"http:\/\/www.tiberi.es\/catering-shop-mallorca\/categoria-producto\/comida-tradicional\/\"  class=\"ult_price_action_button\"><div class=\"ult_pricing_table_wrap ult_info_table ult_design_1  ult-cs-custom \">\n\t\t\t\t\t<div class=\"ult_pricing_table info_min_ht\" style=\"background:#ffffff;color:#486750; min-height:350px;\"><div class=\"ult_pricing_heading\" id=\"Info-table-wrap-3591\">\n\t\t\t\t\t\t\t<h3 class=\"ult-responsive\"  data-ultimate-target='#Info-table-wrap-3591 h3'  data-responsive-json-new='{\"font-size\":\"\",\"line-height\":\"\"}'  style=\"font-weight:normal;\">Tradicional<\/h3><\/div><!--ult_pricing_heading--><div class=\"ult_price_body_block\">\n\t\t\t\t\t\t\t<div class=\"ult_price_body\">\n\t\t\t\t\t\t\t\t<div class=\"ult_price\">\n\t\t\t\t\t\t\t\t<div class=\"ult-just-icon-wrapper  \"><div class=\"align-icon\" style=\"text-align:center;\">\n<div class=\"aio-icon-img \" style=\"font-size:200px;display:inline-block;\" >\n\t<img decoding=\"async\" class=\"img-icon\" alt=\"\" src=\"https:\/\/www.tiberi.es\/catering-shop-mallorca\/wp-content\/uploads\/2015\/12\/comida-tradicional.jpg\"\/>\n<\/div><\/div><\/div>\n\t\t\t\t\t\t\t\t<\/div>\n\t\t\t\t\t\t\t<\/div>\n\t\t\t\t\t\t<\/div><!--ult_price_body_block--><div id=\"info_table_features_wrap-4511\"  data-ultimate-target='#info_table_features_wrap-4511.ult_price_features'  data-responsive-json-new='{\"font-size\":\"\",\"line-height\":\"\"}'  class=\"ult-responsive ult_price_features\" style=\"font-weight:normal;\">\n\t\t\t\t\t\t\t<p>Pastas, arroces, fiambre, tapas\u2026 Los platos de siempre de la cocina mallorquina, espa\u00f1ola y europea.<\/p>\n\n\t\t\t\t\t\t<\/div><!--ult_price_features--><div class=\"ult_clr\"><\/div>\n\t\t\t<\/div><!--pricing_table-->\n\t\t<\/div><!--pricing_table_wrap--><\/a><\/div><\/div><\/div><div class=\"vc_col-sm-4 wpb_column vc_column_container us_animate_hfc\"><div class=\"vc_column-inner\"><div class=\"wpb_wrapper\"><a href=\"http:\/\/www.tiberi.es\/catering-shop-mallorca\/categoria-producto\/carta-de-gourmet\/\"  class=\"ult_price_action_button\"><div class=\"ult_pricing_table_wrap ult_info_table ult_design_1  ult-cs-custom \">\n\t\t\t\t\t<div class=\"ult_pricing_table info_min_ht\" style=\"background:#ffffff;color:#486750; min-height:350px;\"><div class=\"ult_pricing_heading\" id=\"Info-table-wrap-1910\">\n\t\t\t\t\t\t\t<h3 class=\"ult-responsive\"  data-ultimate-target='#Info-table-wrap-1910 h3'  data-responsive-json-new='{\"font-size\":\"\",\"line-height\":\"\"}'  style=\"font-weight:normal;\">Gourmet<\/h3><\/div><!--ult_pricing_heading--><div class=\"ult_price_body_block\">\n\t\t\t\t\t\t\t<div class=\"ult_price_body\">\n\t\t\t\t\t\t\t\t<div class=\"ult_price\">\n\t\t\t\t\t\t\t\t<div class=\"ult-just-icon-wrapper  \"><div class=\"align-icon\" style=\"text-align:center;\">\n<div class=\"aio-icon-img \" style=\"font-size:200px;display:inline-block;\" >\n\t<img decoding=\"async\" class=\"img-icon\" alt=\"\" src=\"https:\/\/www.tiberi.es\/catering-shop-mallorca\/wp-content\/uploads\/2014\/03\/lechona-deshuesada.jpg\"\/>\n<\/div><\/div><\/div>\n\t\t\t\t\t\t\t\t<\/div>\n\t\t\t\t\t\t\t<\/div>\n\t\t\t\t\t\t<\/div><!--ult_price_body_block--><div id=\"info_table_features_wrap-6956\"  data-ultimate-target='#info_table_features_wrap-6956.ult_price_features'  data-responsive-json-new='{\"font-size\":\"\",\"line-height\":\"\"}'  class=\"ult-responsive ult_price_features\" style=\"font-weight:normal;\">\n\t\t\t\t\t\t\t<p>Elaboramos platos gourmet para las ocasiones especiales o simplemente para concederse un capricho un d\u00eda cualquiera.<\/p>\n\n\t\t\t\t\t\t<\/div><!--ult_price_features--><div class=\"ult_clr\"><\/div>\n\t\t\t<\/div><!--pricing_table-->\n\t\t<\/div><!--pricing_table_wrap--><\/a><\/div><\/div><\/div><\/div><\/div><\/section><section class=\"l-section wpb_row height_small\"><div class=\"l-section-h i-cf\"><div class=\"g-cols vc_row via_flex valign_top type_default stacking_default\"><div class=\"vc_col-sm-4 wpb_column vc_column_container us_animate_hfc\"><div class=\"vc_column-inner\"><div class=\"wpb_wrapper\"><a href=\"https:\/\/www.tiberi.es\/catering-shop-mallorca\/categoria-producto\/dulces\/\"  class=\"ult_price_action_button\"><div class=\"ult_pricing_table_wrap ult_info_table ult_design_1  ult-cs-custom \">\n\t\t\t\t\t<div class=\"ult_pricing_table info_min_ht\" style=\"background:#ffffff;color:#486750; min-height:350px;\"><div class=\"ult_pricing_heading\" id=\"Info-table-wrap-1730\">\n\t\t\t\t\t\t\t<h3 class=\"ult-responsive\"  data-ultimate-target='#Info-table-wrap-1730 h3'  data-responsive-json-new='{\"font-size\":\"\",\"line-height\":\"\"}'  style=\"font-weight:normal;\">Dulces<\/h3><\/div><!--ult_pricing_heading--><div class=\"ult_price_body_block\">\n\t\t\t\t\t\t\t<div class=\"ult_price_body\">\n\t\t\t\t\t\t\t\t<div class=\"ult_price\">\n\t\t\t\t\t\t\t\t<div class=\"ult-just-icon-wrapper  \"><div class=\"align-icon\" style=\"text-align:center;\">\n<div class=\"aio-icon-img \" style=\"font-size:200px;display:inline-block;\" >\n\t<img decoding=\"async\" class=\"img-icon\" alt=\"\" src=\"https:\/\/www.tiberi.es\/catering-shop-mallorca\/wp-content\/uploads\/2015\/05\/dulces-unidad-autor.jpg\"\/>\n<\/div><\/div><\/div>\n\t\t\t\t\t\t\t\t<\/div>\n\t\t\t\t\t\t\t<\/div>\n\t\t\t\t\t\t<\/div><!--ult_price_body_block--><div id=\"info_table_features_wrap-4983\"  data-ultimate-target='#info_table_features_wrap-4983.ult_price_features'  data-responsive-json-new='{\"font-size\":\"\",\"line-height\":\"\"}'  class=\"ult-responsive ult_price_features\" style=\"font-weight:normal;\">\n\t\t\t\t\t\t\t<p>Bandejas degustaci\u00f3n variadas, cocas dulces y pasteler\u00eda de autor, cocas dulces y pasteler\u00eda tradicional&#8230;<\/p>\n\n\t\t\t\t\t\t<\/div><!--ult_price_features--><div class=\"ult_clr\"><\/div>\n\t\t\t<\/div><!--pricing_table-->\n\t\t<\/div><!--pricing_table_wrap--><\/a><\/div><\/div><\/div><div class=\"vc_col-sm-4 wpb_column vc_column_container us_animate_hfc\"><div class=\"vc_column-inner\"><div class=\"wpb_wrapper\"><a href=\"http:\/\/www.tiberi.es\/catering-shop-mallorca\/categoria-producto\/carnes-preparadas-crudas\/\"  class=\"ult_price_action_button\"><div class=\"ult_pricing_table_wrap ult_info_table ult_design_1  ult-cs-custom \">\n\t\t\t\t\t<div class=\"ult_pricing_table info_min_ht\" style=\"background:#ffffff;color:#486750; min-height:350px;\"><div class=\"ult_pricing_heading\" id=\"Info-table-wrap-4009\">\n\t\t\t\t\t\t\t<h3 class=\"ult-responsive\"  data-ultimate-target='#Info-table-wrap-4009 h3'  data-responsive-json-new='{\"font-size\":\"\",\"line-height\":\"\"}'  style=\"font-weight:normal;\">Carnes<\/h3><\/div><!--ult_pricing_heading--><div class=\"ult_price_body_block\">\n\t\t\t\t\t\t\t<div class=\"ult_price_body\">\n\t\t\t\t\t\t\t\t<div class=\"ult_price\">\n\t\t\t\t\t\t\t\t<div class=\"ult-just-icon-wrapper  \"><div class=\"align-icon\" style=\"text-align:center;\">\n<div class=\"aio-icon-img \" style=\"font-size:200px;display:inline-block;\" >\n\t<img decoding=\"async\" class=\"img-icon\" alt=\"\" src=\"https:\/\/www.tiberi.es\/catering-shop-mallorca\/wp-content\/uploads\/2015\/12\/carnes-preparadas-crudas.jpg\"\/>\n<\/div><\/div><\/div>\n\t\t\t\t\t\t\t\t<\/div>\n\t\t\t\t\t\t\t<\/div>\n\t\t\t\t\t\t<\/div><!--ult_price_body_block--><div id=\"info_table_features_wrap-6946\"  data-ultimate-target='#info_table_features_wrap-6946.ult_price_features'  data-responsive-json-new='{\"font-size\":\"\",\"line-height\":\"\"}'  class=\"ult-responsive ult_price_features\" style=\"font-weight:normal;\">\n\t\t\t\t\t\t\t<p>Consulta nuestro surtido de carnes preparadas crudas, listas para cocinar: gallets rellenos, pollos rellenos, jamones suecos\u2026<\/p>\n\n\t\t\t\t\t\t<\/div><!--ult_price_features--><div class=\"ult_clr\"><\/div>\n\t\t\t<\/div><!--pricing_table-->\n\t\t<\/div><!--pricing_table_wrap--><\/a><\/div><\/div><\/div><div class=\"vc_col-sm-4 wpb_column vc_column_container\"><div class=\"vc_column-inner\"><div class=\"wpb_wrapper\"><a href=\"http:\/\/www.tiberi.es\/catering-shop-mallorca\/todos-los-productos\/\"  class=\"ult_price_action_button\"><div class=\"ult_pricing_table_wrap ult_info_table ult_design_1  ult-cs-custom \">\n\t\t\t\t\t<div class=\"ult_pricing_table info_min_ht\" style=\"background:#ffffff;color:#486750; min-height:350px;\"><div class=\"ult_pricing_heading\" id=\"Info-table-wrap-9436\">\n\t\t\t\t\t\t\t<h3 class=\"ult-responsive\"  data-ultimate-target='#Info-table-wrap-9436 h3'  data-responsive-json-new='{\"font-size\":\"\",\"line-height\":\"\"}'  style=\"font-weight:normal;\">Todos<\/h3><\/div><!--ult_pricing_heading--><div class=\"ult_price_body_block\">\n\t\t\t\t\t\t\t<div class=\"ult_price_body\">\n\t\t\t\t\t\t\t\t<div class=\"ult_price\">\n\t\t\t\t\t\t\t\t<div class=\"ult-just-icon-wrapper  \"><div class=\"align-icon\" style=\"text-align:center;\">\n<div class=\"aio-icon-img \" style=\"font-size:200px;display:inline-block;\" >\n\t<img decoding=\"async\" class=\"img-icon\" alt=\"\" src=\"https:\/\/www.tiberi.es\/catering-shop-mallorca\/wp-content\/uploads\/2014\/11\/caja-con-menu-completo.jpg\"\/>\n<\/div><\/div><\/div>\n\t\t\t\t\t\t\t\t<\/div>\n\t\t\t\t\t\t\t<\/div>\n\t\t\t\t\t\t<\/div><!--ult_price_body_block--><div id=\"info_table_features_wrap-7489\"  data-ultimate-target='#info_table_features_wrap-7489.ult_price_features'  data-responsive-json-new='{\"font-size\":\"\",\"line-height\":\"\"}'  class=\"ult-responsive ult_price_features\" style=\"font-weight:normal;\">\n\t\t\t\t\t\t\t<p>Si quieres conocer todos los productos de Tiberi Catering Shop aqu\u00ed tienes nuestra carta a un solo click.<\/p>\n\n\t\t\t\t\t\t<\/div><!--ult_price_features--><div class=\"ult_clr\"><\/div>\n\t\t\t<\/div><!--pricing_table-->\n\t\t<\/div><!--pricing_table_wrap--><\/a><\/div><\/div><\/div><\/div><\/div><\/section>\n","protected":false},"excerpt":{"rendered":"En Tiberi cocinamos por y para ti. Nuestros platos est\u00e1n basados en una gastronom\u00eda tradicional e innovadora con ingredientes de la tierra de Mallorca y del mar Mediterr\u00e1neo. En nuestra carta para particulares encontrar\u00e1s platos ideales tanto para men\u00fas diarios como celebraciones especiales. Recuerda que puedes venir a recoger el pedido a nuestro restaurante o...","protected":false},"author":1,"featured_media":0,"parent":0,"menu_order":0,"comment_status":"closed","ping_status":"closed","template":"","meta":{"footnotes":""},"class_list":["post-7204","page","type-page","status-publish","hentry"],"_links":{"self":[{"href":"https:\/\/www.tiberi.es\/catering-shop-mallorca\/wp-json\/wp\/v2\/pages\/7204","targetHints":{"allow":["GET"]}}],"collection":[{"href":"https:\/\/www.tiberi.es\/catering-shop-mallorca\/wp-json\/wp\/v2\/pages"}],"about":[{"href":"https:\/\/www.tiberi.es\/catering-shop-mallorca\/wp-json\/wp\/v2\/types\/page"}],"author":[{"embeddable":true,"href":"https:\/\/www.tiberi.es\/catering-shop-mallorca\/wp-json\/wp\/v2\/users\/1"}],"replies":[{"embeddable":true,"href":"https:\/\/www.tiberi.es\/catering-shop-mallorca\/wp-json\/wp\/v2\/comments?post=7204"}],"version-history":[{"count":25,"href":"https:\/\/www.tiberi.es\/catering-shop-mallorca\/wp-json\/wp\/v2\/pages\/7204\/revisions"}],"predecessor-version":[{"id":10176,"href":"https:\/\/www.tiberi.es\/catering-shop-mallorca\/wp-json\/wp\/v2\/pages\/7204\/revisions\/10176"}],"wp:attachment":[{"href":"https:\/\/www.tiberi.es\/catering-shop-mallorca\/wp-json\/wp\/v2\/media?parent=7204"}],"curies":[{"name":"wp","href":"https:\/\/api.w.org\/{rel}","templated":true}]}}