{"id":10777,"date":"2024-12-03T20:53:05","date_gmt":"2024-12-03T19:53:05","guid":{"rendered":"https:\/\/www.tiberi.es\/catering-shop-mallorca\/?post_type=product&#038;p=10777"},"modified":"2025-11-27T14:03:02","modified_gmt":"2025-11-27T13:03:02","slug":"menu-2-para-estas-fiestas","status":"publish","type":"product","link":"https:\/\/www.tiberi.es\/catering-shop-mallorca\/producto\/menu-2-para-estas-fiestas\/","title":{"rendered":"MEN\u00da 2  PARA ESTAS FIESTAS"},"content":{"rendered":"<p><strong>Sopa rellena de Navidad (8 caracolas)<\/strong><br \/>\n<span class=\"alerg\">gluten, huevo, leche, apio, soja<\/span><\/p>\n<p><strong>Canelones de rape y gambas<\/strong><br \/>\n<span class=\"alerg\">gluten, huevo, pescado, marisco, crust\u00e1ceos, frutos con c\u00e1scara, leche, apio<\/span><\/p>\n<p><strong>Tarta Taten <\/strong><br \/>\n<span class=\"alerg\">gluten, leche, frutos con c\u00e1scara, huevo<\/span><\/p>\n","protected":false},"excerpt":{"rendered":"<p>Sopa rellena de Navidad (8 caracolas) gluten, huevo, leche, apio, soja Canelones de rape y gambas gluten, huevo, pescado, marisco, crust\u00e1ceos, frutos con c\u00e1scara, leche, apio Tarta Taten gluten, leche, frutos con c\u00e1scara, huevo<\/p>\n","protected":false},"featured_media":0,"template":"","meta":[],"product_brand":[],"product_cat":[296],"product_tag":[],"class_list":{"0":"post-10777","1":"product","2":"type-product","3":"status-publish","5":"product_cat-solo-por-navidad","7":"first","8":"instock","9":"shipping-taxable","10":"purchasable","11":"product-type-simple"},"_links":{"self":[{"href":"https:\/\/www.tiberi.es\/catering-shop-mallorca\/wp-json\/wp\/v2\/product\/10777","targetHints":{"allow":["GET"]}}],"collection":[{"href":"https:\/\/www.tiberi.es\/catering-shop-mallorca\/wp-json\/wp\/v2\/product"}],"about":[{"href":"https:\/\/www.tiberi.es\/catering-shop-mallorca\/wp-json\/wp\/v2\/types\/product"}],"wp:attachment":[{"href":"https:\/\/www.tiberi.es\/catering-shop-mallorca\/wp-json\/wp\/v2\/media?parent=10777"}],"wp:term":[{"taxonomy":"product_brand","embeddable":true,"href":"https:\/\/www.tiberi.es\/catering-shop-mallorca\/wp-json\/wp\/v2\/product_brand?post=10777"},{"taxonomy":"product_cat","embeddable":true,"href":"https:\/\/www.tiberi.es\/catering-shop-mallorca\/wp-json\/wp\/v2\/product_cat?post=10777"},{"taxonomy":"product_tag","embeddable":true,"href":"https:\/\/www.tiberi.es\/catering-shop-mallorca\/wp-json\/wp\/v2\/product_tag?post=10777"}],"curies":[{"name":"wp","href":"https:\/\/api.w.org\/{rel}","templated":true}]}}