{"id":4075,"date":"2014-11-22T15:36:20","date_gmt":"2014-11-22T13:36:20","guid":{"rendered":"https:\/\/www.tiberi.es\/catering-shop-mallorca\/?post_type=product&#038;p=4075"},"modified":"2025-11-27T18:46:16","modified_gmt":"2025-11-27T17:46:16","slug":"menu-ninos","status":"publish","type":"product","link":"https:\/\/www.tiberi.es\/catering-shop-mallorca\/producto\/menu-ninos\/","title":{"rendered":"Men\u00fa ni\u00f1os"},"content":{"rendered":"<p><strong>Pasta a la bolo\u00f1esa<\/strong><br \/>\n<span class=\"alerg\">gluten, huevo, sulfitos<\/span><\/p>\n<p><strong>Nuggets caseros de pollo con patatas fritas<\/strong><br \/>\n<span class=\"alerg\">gluten, huevo, leche, soja, cacahuetes<\/span><\/p>\n<p><strong>Tarta de chocolate<\/strong><br \/>\n<span class=\"alerg\">gluten, huevo, leche, frutos con cascara, soja, s\u00e9samo<\/span><\/p>\n","protected":false},"excerpt":{"rendered":"<p>Pasta a la bolo\u00f1esa gluten, huevo, sulfitos Nuggets caseros de pollo con patatas fritas gluten, huevo, leche, soja, cacahuetes Tarta de chocolate gluten, huevo, leche, frutos con cascara, soja, s\u00e9samo<\/p>\n","protected":false},"featured_media":8080,"template":"","meta":[],"product_brand":[],"product_cat":[82],"product_tag":[],"class_list":{"0":"post-4075","1":"product","2":"type-product","3":"status-publish","4":"has-post-thumbnail","6":"product_cat-menus-cerrados","8":"first","9":"instock","10":"shipping-taxable","11":"purchasable","12":"product-type-simple"},"_links":{"self":[{"href":"https:\/\/www.tiberi.es\/catering-shop-mallorca\/wp-json\/wp\/v2\/product\/4075","targetHints":{"allow":["GET"]}}],"collection":[{"href":"https:\/\/www.tiberi.es\/catering-shop-mallorca\/wp-json\/wp\/v2\/product"}],"about":[{"href":"https:\/\/www.tiberi.es\/catering-shop-mallorca\/wp-json\/wp\/v2\/types\/product"}],"wp:featuredmedia":[{"embeddable":true,"href":"https:\/\/www.tiberi.es\/catering-shop-mallorca\/wp-json\/wp\/v2\/media\/8080"}],"wp:attachment":[{"href":"https:\/\/www.tiberi.es\/catering-shop-mallorca\/wp-json\/wp\/v2\/media?parent=4075"}],"wp:term":[{"taxonomy":"product_brand","embeddable":true,"href":"https:\/\/www.tiberi.es\/catering-shop-mallorca\/wp-json\/wp\/v2\/product_brand?post=4075"},{"taxonomy":"product_cat","embeddable":true,"href":"https:\/\/www.tiberi.es\/catering-shop-mallorca\/wp-json\/wp\/v2\/product_cat?post=4075"},{"taxonomy":"product_tag","embeddable":true,"href":"https:\/\/www.tiberi.es\/catering-shop-mallorca\/wp-json\/wp\/v2\/product_tag?post=4075"}],"curies":[{"name":"wp","href":"https:\/\/api.w.org\/{rel}","templated":true}]}}