{"id":4566,"date":"2015-01-29T19:52:48","date_gmt":"2015-01-29T17:52:48","guid":{"rendered":"https:\/\/www.tiberi.es\/catering-shop-mallorca\/?post_type=product&#038;p=4566"},"modified":"2026-01-22T14:30:42","modified_gmt":"2026-01-22T13:30:42","slug":"bandeja-canapes","status":"publish","type":"product","link":"https:\/\/www.tiberi.es\/catering-shop-mallorca\/producto\/bandeja-canapes\/","title":{"rendered":"Bandeja canap\u00e9s (40 unidades)"},"content":{"rendered":"<p>8 canap\u00e9 de york + 8 canap\u00e9 de salm\u00f3n + 8 canap\u00e9 de queso + 8 vol au vent de sobrasada con az\u00facar de ca\u00f1a + 8 tartaleta de queso fresco con membrillo.<\/p>\n<p>Recuerde, el contenido de las bandejas no se puede modificar.<\/p>\n<p>&lt;!&#8211;, si prefiere otras variedades puede elegir cualquier <a href=\"https:\/\/www.tiberi.es\/catering-shop-mallorca\/categoria-producto\/aperitivos-en-miniatura\/\">combinaci\u00f3n individual<\/a> que sea de su agrado.&#8211;&gt;<\/p>\n","protected":false},"excerpt":{"rendered":"<p><a class=\"tooltip-top\" href=\"#\" data-tooltip=\"Contiene Gluten\"><img decoding=\"async\" src=\"https:\/\/www.tiberi.es\/catering-shop-mallorca\/wp-content\/plugins\/alergenos-alimentarios-indianwebs\/images\/familia-1\/contiene-gluten.png\" border=\"0\" hspace=\"5\" \/><\/a><a class=\"tooltip-top\" href=\"#\" data-tooltip=\"Lacteos\"><img decoding=\"async\" src=\"https:\/\/www.tiberi.es\/catering-shop-mallorca\/wp-content\/plugins\/alergenos-alimentarios-indianwebs\/images\/familia-1\/lacteos.png\" border=\"0\" hspace=\"5\" \/><\/a><a class=\"tooltip-top\" href=\"#\" data-tooltip=\"Pescado\"><img decoding=\"async\" src=\"https:\/\/www.tiberi.es\/catering-shop-mallorca\/wp-content\/plugins\/alergenos-alimentarios-indianwebs\/images\/familia-1\/pescado.png\" border=\"0\" hspace=\"5\" \/><\/a><a class=\"tooltip-top\" href=\"#\" data-tooltip=\"Dioxido de Azufre y Sulfitos\"><img decoding=\"async\" src=\"https:\/\/www.tiberi.es\/catering-shop-mallorca\/wp-content\/plugins\/alergenos-alimentarios-indianwebs\/images\/familia-1\/dioxido-de-azufre-y-sulfitos.png\" border=\"0\" hspace=\"5\" \/><\/a><a class=\"tooltip-top\" href=\"#\" data-tooltip=\"Frutos de Cascara\"><img decoding=\"async\" src=\"https:\/\/www.tiberi.es\/catering-shop-mallorca\/wp-content\/plugins\/alergenos-alimentarios-indianwebs\/images\/familia-1\/frutos-de-cascara.png\" border=\"0\" hspace=\"5\" \/><\/a><a class=\"tooltip-top\" href=\"#\" data-tooltip=\"Granos de Sesamo\"><img decoding=\"async\" src=\"https:\/\/www.tiberi.es\/catering-shop-mallorca\/wp-content\/plugins\/alergenos-alimentarios-indianwebs\/images\/familia-1\/granos-de-sesamo.png\" border=\"0\" hspace=\"5\" \/><\/a><a class=\"tooltip-top\" href=\"#\" data-tooltip=\"Soja\"><img decoding=\"async\" src=\"https:\/\/www.tiberi.es\/catering-shop-mallorca\/wp-content\/plugins\/alergenos-alimentarios-indianwebs\/images\/familia-1\/soja.png\" border=\"0\" hspace=\"5\" \/><\/a><\/p>\n","protected":false},"featured_media":4567,"template":"","meta":[],"product_brand":[],"product_cat":[245,85,119],"product_tag":[],"class_list":{"0":"post-4566","1":"product","2":"type-product","3":"status-publish","4":"has-post-thumbnail","6":"product_cat-no-disponible-en-navidad","7":"product_cat-bandejas-preparadas","8":"product_cat-entrantes-y-primeros-platos","10":"first","11":"instock","12":"shipping-taxable","13":"purchasable","14":"product-type-simple"},"_links":{"self":[{"href":"https:\/\/www.tiberi.es\/catering-shop-mallorca\/wp-json\/wp\/v2\/product\/4566","targetHints":{"allow":["GET"]}}],"collection":[{"href":"https:\/\/www.tiberi.es\/catering-shop-mallorca\/wp-json\/wp\/v2\/product"}],"about":[{"href":"https:\/\/www.tiberi.es\/catering-shop-mallorca\/wp-json\/wp\/v2\/types\/product"}],"wp:featuredmedia":[{"embeddable":true,"href":"https:\/\/www.tiberi.es\/catering-shop-mallorca\/wp-json\/wp\/v2\/media\/4567"}],"wp:attachment":[{"href":"https:\/\/www.tiberi.es\/catering-shop-mallorca\/wp-json\/wp\/v2\/media?parent=4566"}],"wp:term":[{"taxonomy":"product_brand","embeddable":true,"href":"https:\/\/www.tiberi.es\/catering-shop-mallorca\/wp-json\/wp\/v2\/product_brand?post=4566"},{"taxonomy":"product_cat","embeddable":true,"href":"https:\/\/www.tiberi.es\/catering-shop-mallorca\/wp-json\/wp\/v2\/product_cat?post=4566"},{"taxonomy":"product_tag","embeddable":true,"href":"https:\/\/www.tiberi.es\/catering-shop-mallorca\/wp-json\/wp\/v2\/product_tag?post=4566"}],"curies":[{"name":"wp","href":"https:\/\/api.w.org\/{rel}","templated":true}]}}