{"id":6225,"date":"2015-11-22T07:38:28","date_gmt":"2015-11-22T07:38:28","guid":{"rendered":"https:\/\/www.tiberi.es\/catering-shop-mallorca\/product\/hahnchen-gefullt-mit-truffeln-geschnitten-250-g\/"},"modified":"2015-11-22T07:38:28","modified_gmt":"2015-11-22T07:38:28","slug":"hahnchen-gefullt-mit-truffeln-geschnitten-250-g","status":"publish","type":"product","link":"https:\/\/www.tiberi.es\/catering-shop-mallorca\/producto\/hahnchen-gefullt-mit-truffeln-geschnitten-250-g\/","title":{"rendered":"H\u00e4hnchen gef\u00fcllt mit Tr\u00fcffeln geschnitten 250 g"},"content":{"rendered":"","protected":false},"excerpt":{"rendered":"","protected":false},"featured_media":5815,"template":"","meta":[],"product_brand":[],"product_cat":[263],"product_tag":[],"class_list":{"0":"post-6225","1":"product","2":"type-product","3":"status-publish","4":"has-post-thumbnail","6":"product_cat-uncategorized","8":"first","9":"outofstock","10":"shipping-taxable","11":"purchasable","12":"product-type-simple"},"_links":{"self":[{"href":"https:\/\/www.tiberi.es\/catering-shop-mallorca\/wp-json\/wp\/v2\/product\/6225","targetHints":{"allow":["GET"]}}],"collection":[{"href":"https:\/\/www.tiberi.es\/catering-shop-mallorca\/wp-json\/wp\/v2\/product"}],"about":[{"href":"https:\/\/www.tiberi.es\/catering-shop-mallorca\/wp-json\/wp\/v2\/types\/product"}],"wp:featuredmedia":[{"embeddable":true,"href":"https:\/\/www.tiberi.es\/catering-shop-mallorca\/wp-json\/wp\/v2\/media\/5815"}],"wp:attachment":[{"href":"https:\/\/www.tiberi.es\/catering-shop-mallorca\/wp-json\/wp\/v2\/media?parent=6225"}],"wp:term":[{"taxonomy":"product_brand","embeddable":true,"href":"https:\/\/www.tiberi.es\/catering-shop-mallorca\/wp-json\/wp\/v2\/product_brand?post=6225"},{"taxonomy":"product_cat","embeddable":true,"href":"https:\/\/www.tiberi.es\/catering-shop-mallorca\/wp-json\/wp\/v2\/product_cat?post=6225"},{"taxonomy":"product_tag","embeddable":true,"href":"https:\/\/www.tiberi.es\/catering-shop-mallorca\/wp-json\/wp\/v2\/product_tag?post=6225"}],"curies":[{"name":"wp","href":"https:\/\/api.w.org\/{rel}","templated":true}]}}