{"id":7650,"date":"2016-04-29T14:19:12","date_gmt":"2016-04-29T12:19:12","guid":{"rendered":"https:\/\/www.tiberi.es\/catering-shop-mallorca\/de\/product\/cous-cous-mit-brathaehnchen-gemuese-und-sesamoel-350-gr\/"},"modified":"2016-04-29T14:19:12","modified_gmt":"2016-04-29T12:19:12","slug":"cous-cous-mit-brathaehnchen-gemuese-und-sesamoel-350-gr","status":"publish","type":"product","link":"https:\/\/www.tiberi.es\/catering-shop-mallorca\/producto\/cous-cous-mit-brathaehnchen-gemuese-und-sesamoel-350-gr\/","title":{"rendered":"Cous-Cous mit Brath\u00e4hnchen, Gem\u00fcse und Sesam\u00f6l (350 gr)."},"content":{"rendered":"","protected":false},"excerpt":{"rendered":"","protected":false},"featured_media":0,"template":"","meta":[],"product_brand":[],"product_cat":[263],"product_tag":[],"class_list":{"0":"post-7650","1":"product","2":"type-product","3":"status-publish","5":"product_cat-uncategorized","7":"first","8":"outofstock","9":"shipping-taxable","10":"purchasable","11":"product-type-simple"},"_links":{"self":[{"href":"https:\/\/www.tiberi.es\/catering-shop-mallorca\/wp-json\/wp\/v2\/product\/7650","targetHints":{"allow":["GET"]}}],"collection":[{"href":"https:\/\/www.tiberi.es\/catering-shop-mallorca\/wp-json\/wp\/v2\/product"}],"about":[{"href":"https:\/\/www.tiberi.es\/catering-shop-mallorca\/wp-json\/wp\/v2\/types\/product"}],"wp:attachment":[{"href":"https:\/\/www.tiberi.es\/catering-shop-mallorca\/wp-json\/wp\/v2\/media?parent=7650"}],"wp:term":[{"taxonomy":"product_brand","embeddable":true,"href":"https:\/\/www.tiberi.es\/catering-shop-mallorca\/wp-json\/wp\/v2\/product_brand?post=7650"},{"taxonomy":"product_cat","embeddable":true,"href":"https:\/\/www.tiberi.es\/catering-shop-mallorca\/wp-json\/wp\/v2\/product_cat?post=7650"},{"taxonomy":"product_tag","embeddable":true,"href":"https:\/\/www.tiberi.es\/catering-shop-mallorca\/wp-json\/wp\/v2\/product_tag?post=7650"}],"curies":[{"name":"wp","href":"https:\/\/api.w.org\/{rel}","templated":true}]}}