{"id":3594,"date":"2014-03-28T12:27:01","date_gmt":"2014-03-28T12:27:01","guid":{"rendered":"http:\/\/www.tiberi.es\/catering-mallorca-2\/"},"modified":"2023-04-27T15:59:55","modified_gmt":"2023-04-27T15:59:55","slug":"catering-mallorca","status":"publish","type":"page","link":"https:\/\/www.tiberi.es\/de\/catering-mallorca\/","title":{"rendered":"Catering in Mallorca"},"content":{"rendered":"<section class=\"l-section wpb_row height_auto width_full\"><div class=\"l-section-h i-cf\"><div class=\"g-cols vc_row via_flex valign_top type_default stacking_default\"><div class=\"vc_col-sm-12 wpb_column vc_column_container\"><div class=\"vc_column-inner\"><div class=\"wpb_wrapper\">[rev_slider_vc alias=&#8220;catering&#8220;]<\/div><\/div><\/div><\/div><\/div><\/section><section class=\"l-section wpb_row height_medium\"><div class=\"l-section-h i-cf\"><div class=\"g-cols vc_row via_flex valign_top type_default stacking_default\"><div class=\"vc_col-sm-12 wpb_column vc_column_container\"><div class=\"vc_column-inner\"><div class=\"wpb_wrapper\"><div class=\"g-cols wpb_row via_flex valign_top type_default stacking_default\"><div class=\"vc_col-sm-4 wpb_column vc_column_container\"><div class=\"vc_column-inner\"><div class=\"wpb_wrapper\"><div class=\"w-iconbox iconpos_left style_default color_primary align_left\"><a href=\"http:\/\/www.tiberi.es\/de\/catering-mallorca\/hochzeiten\/\" class=\"w-iconbox-link\" aria-label=\"Hochzeiten\"><div class=\"w-iconbox-icon\" style=\"font-size:48px;\"><i class=\"fas fa-heart\"><\/i><\/div><\/a><div class=\"w-iconbox-meta\"><h4 class=\"w-iconbox-title\"><a href=\"http:\/\/www.tiberi.es\/de\/catering-mallorca\/hochzeiten\/\" class=\"w-iconbox-link\" aria-label=\"Hochzeiten\">Hochzeiten<\/a><\/h4><div class=\"w-iconbox-text\"><p>An einem besonderen Tag bieten wir Vertrauen, Berufserfahrung und Exklusivit\u00e4t an.<\/p>\n<\/div><\/div><\/div><\/div><\/div><\/div><div class=\"vc_col-sm-4 wpb_column vc_column_container\"><div class=\"vc_column-inner\"><div class=\"wpb_wrapper\"><div class=\"w-iconbox iconpos_left style_default color_primary align_left\"><a href=\"http:\/\/www.tiberi.es\/de\/catering-mallorca\/unternehmen\/\" class=\"w-iconbox-link\" aria-label=\"F\u00fcr Unternehmen\"><div class=\"w-iconbox-icon\" style=\"font-size:48px;\"><i class=\"fas fa-briefcase\"><\/i><\/div><\/a><div class=\"w-iconbox-meta\"><h4 class=\"w-iconbox-title\"><a href=\"http:\/\/www.tiberi.es\/de\/catering-mallorca\/unternehmen\/\" class=\"w-iconbox-link\" aria-label=\"F\u00fcr Unternehmen\">F\u00fcr Unternehmen<\/a><\/h4><div class=\"w-iconbox-text\"><p>Catering f\u00fcr Unternehmen Veranstaltungen.<\/p>\n<\/div><\/div><\/div><\/div><\/div><\/div><div class=\"vc_col-sm-4 wpb_column vc_column_container\"><div class=\"vc_column-inner\"><div class=\"wpb_wrapper\"><div class=\"w-iconbox iconpos_left style_default color_primary align_left\"><a href=\"http:\/\/www.tiberi.es\/de\/catering-mallorca\/feier\/\" class=\"w-iconbox-link\" aria-label=\"Feier\"><div class=\"w-iconbox-icon\" style=\"font-size:48px;\"><i class=\"fas fa-music\"><\/i><\/div><\/a><div class=\"w-iconbox-meta\"><h4 class=\"w-iconbox-title\"><a href=\"http:\/\/www.tiberi.es\/de\/catering-mallorca\/feier\/\" class=\"w-iconbox-link\" aria-label=\"Feier\">Feier<\/a><\/h4><div class=\"w-iconbox-text\"><p>Jubil\u00e4um, Kommunion, Tauffeier, Geburtstag, soziales Treffen, etc.<\/p>\n<\/div><\/div><\/div><\/div><\/div><\/div><\/div><div class=\"g-cols wpb_row via_flex valign_top type_default stacking_default\"><div class=\"vc_col-sm-12 wpb_column vc_column_container\"><div class=\"vc_column-inner\"><div class=\"wpb_wrapper\"><div class=\"w-separator size_small\"><\/div><\/div><\/div><\/div><\/div><div class=\"g-cols wpb_row via_flex valign_top type_default stacking_default\"><div class=\"vc_col-sm-4 wpb_column vc_column_container\"><div class=\"vc_column-inner\"><div class=\"wpb_wrapper\"><div class=\"w-iconbox iconpos_left style_default color_primary align_left\"><a href=\"http:\/\/www.tiberi.es\/de\/catering-mallorca\/grundstucke\/\" class=\"w-iconbox-link\" aria-label=\"Grundst\u00fccke und Lage\"><div class=\"w-iconbox-icon\" style=\"font-size:48px;\"><i class=\"fas fa-home\"><\/i><\/div><\/a><div class=\"w-iconbox-meta\"><h4 class=\"w-iconbox-title\"><a href=\"http:\/\/www.tiberi.es\/de\/catering-mallorca\/grundstucke\/\" class=\"w-iconbox-link\" aria-label=\"Grundst\u00fccke und Lage\">Grundst\u00fccke und Lage<\/a><\/h4><div class=\"w-iconbox-text\"><p>Tiberi stellt Ihnen die beste Lage zur Verf\u00fcgung an.<\/p>\n<\/div><\/div><\/div><\/div><\/div><\/div><div class=\"vc_col-sm-4 wpb_column vc_column_container\"><div class=\"vc_column-inner\"><div class=\"wpb_wrapper\"><div class=\"w-iconbox iconpos_left style_default color_primary align_left\"><a href=\"http:\/\/www.tiberi.es\/de\/catering-mallorca\/gerichte\/\" class=\"w-iconbox-link\" aria-label=\"Gerichte\"><div class=\"w-iconbox-icon\" style=\"font-size:48px;\"><i class=\"fas fa-utensils\"><\/i><\/div><\/a><div class=\"w-iconbox-meta\"><h4 class=\"w-iconbox-title\"><a href=\"http:\/\/www.tiberi.es\/de\/catering-mallorca\/gerichte\/\" class=\"w-iconbox-link\" aria-label=\"Gerichte\">Gerichte<\/a><\/h4><div class=\"w-iconbox-text\"><p>Die beste Qualit\u00e4t, Design und Geschmack f\u00fcr Ihre Veranstaltung.<\/p>\n<\/div><\/div><\/div><\/div><\/div><\/div><div class=\"vc_col-sm-4 wpb_column vc_column_container\"><div class=\"vc_column-inner\"><div class=\"wpb_wrapper\"><div class=\"w-iconbox iconpos_left style_default color_primary align_left\"><a href=\"http:\/\/www.tiberi.es\/de\/catering-mallorca\/andere-dienstleistungen\/\" class=\"w-iconbox-link\" aria-label=\"Andere Dienstleistungen\"><div class=\"w-iconbox-icon\" style=\"font-size:48px;\"><i class=\"fas fa-thumbs-up\"><\/i><\/div><\/a><div class=\"w-iconbox-meta\"><h4 class=\"w-iconbox-title\"><a href=\"http:\/\/www.tiberi.es\/de\/catering-mallorca\/andere-dienstleistungen\/\" class=\"w-iconbox-link\" aria-label=\"Andere Dienstleistungen\">Andere Dienstleistungen<\/a><\/h4><div class=\"w-iconbox-text\"><p>Wir helfen und beraten Ihnen, damit Ihre Feier erfolgreich wird.<\/p>\n<\/div><\/div><\/div><\/div><\/div><\/div><\/div><\/div><\/div><\/div><\/div><\/div><\/section>\n","protected":false},"excerpt":{"rendered":"[rev_slider_vc alias=\"catering\"]HochzeitenAn einem besonderen Tag bieten wir Vertrauen, Berufserfahrung und Exklusivit\u00e4t an. F\u00fcr UnternehmenCatering f\u00fcr Unternehmen Veranstaltungen. FeierJubil\u00e4um, Kommunion, Tauffeier, Geburtstag, soziales Treffen, etc. Grundst\u00fccke und LageTiberi stellt Ihnen die beste Lage zur Verf\u00fcgung an. GerichteDie beste Qualit\u00e4t, Design und Geschmack f\u00fcr Ihre Veranstaltung. Andere DienstleistungenWir helfen und beraten Ihnen, damit Ihre Feier erfolgreich wird.","protected":false},"author":1,"featured_media":0,"parent":0,"menu_order":0,"comment_status":"closed","ping_status":"open","template":"","meta":{"footnotes":""},"class_list":["post-3594","page","type-page","status-publish","hentry"],"_links":{"self":[{"href":"https:\/\/www.tiberi.es\/de\/wp-json\/wp\/v2\/pages\/3594","targetHints":{"allow":["GET"]}}],"collection":[{"href":"https:\/\/www.tiberi.es\/de\/wp-json\/wp\/v2\/pages"}],"about":[{"href":"https:\/\/www.tiberi.es\/de\/wp-json\/wp\/v2\/types\/page"}],"author":[{"embeddable":true,"href":"https:\/\/www.tiberi.es\/de\/wp-json\/wp\/v2\/users\/1"}],"replies":[{"embeddable":true,"href":"https:\/\/www.tiberi.es\/de\/wp-json\/wp\/v2\/comments?post=3594"}],"version-history":[{"count":7,"href":"https:\/\/www.tiberi.es\/de\/wp-json\/wp\/v2\/pages\/3594\/revisions"}],"predecessor-version":[{"id":8571,"href":"https:\/\/www.tiberi.es\/de\/wp-json\/wp\/v2\/pages\/3594\/revisions\/8571"}],"wp:attachment":[{"href":"https:\/\/www.tiberi.es\/de\/wp-json\/wp\/v2\/media?parent=3594"}],"curies":[{"name":"wp","href":"https:\/\/api.w.org\/{rel}","templated":true}]}}