{"id":3596,"date":"2014-03-31T14:49:14","date_gmt":"2014-03-31T14:49:14","guid":{"rendered":"http:\/\/www.tiberi.es\/catering-mallorca\/bodas\/"},"modified":"2023-04-27T16:00:36","modified_gmt":"2023-04-27T16:00:36","slug":"hochzeiten","status":"publish","type":"page","link":"https:\/\/www.tiberi.es\/de\/catering-mallorca\/hochzeiten\/","title":{"rendered":"Catering f\u00fcr Hochzeiten"},"content":{"rendered":"<section class=\"l-section wpb_row height_small color_alternate\"><div class=\"l-section-h i-cf\"><div class=\"g-cols vc_row via_flex valign_middle type_default stacking_default\"><div class=\"vc_col-sm-6 wpb_column vc_column_container\"><div class=\"vc_column-inner\"><div class=\"wpb_wrapper\"><h1 class=\"w-post-elm post_title us_custom_607cd7e8 entry-title color_link_inherit\">Catering f\u00fcr Hochzeiten<\/h1><\/div><\/div><\/div><div class=\"vc_col-sm-6 wpb_column vc_column_container\"><div class=\"vc_column-inner\"><div class=\"wpb_wrapper\"><nav class=\"g-breadcrumbs us_custom_ea2be81a separator_icon align_right\" itemscope itemtype=\"http:\/\/schema.org\/BreadcrumbList\"><div class=\"g-breadcrumbs-item\" itemscope itemprop=\"itemListElement\" itemtype=\"http:\/\/schema.org\/ListItem\"><a itemprop=\"item\" href=\"http:\/\/www.tiberi.es\/de\/\"><span itemprop=\"name\">Start<\/span><\/a><meta itemprop=\"position\" content=\"1\"\/><\/div><div class=\"g-breadcrumbs-separator\"><i class=\"far fa-angle-right\"><\/i><\/div><div class=\"g-breadcrumbs-item\">Seiten<\/div><\/nav><\/div><\/div><\/div><\/div><\/div><\/section><section class=\"l-section wpb_row height_medium\"><div class=\"l-section-h i-cf\"><div class=\"g-cols vc_row via_flex valign_top type_default stacking_default\"><div class=\"vc_col-sm-6 wpb_column vc_column_container\"><div class=\"vc_column-inner\"><div class=\"wpb_wrapper\">[rev_slider_vc alias=&#8220;bodas&#8220;]<\/div><\/div><\/div><div class=\"vc_col-sm-6 wpb_column vc_column_container us_animate_afr\"><div class=\"vc_column-inner\"><div class=\"wpb_wrapper\"><div class=\"wpb_text_column\"><div class=\"wpb_wrapper\"><h3>An diesem besonderen Tag bieten wir Ihnen Vertrauen, Erfahrung und Exklusivit\u00e4t an.<\/h3>\n<p>In Tiberi Catering wird Ihnen unsere Berufserfahrung seit 2002 sowie einen pers\u00f6nlichen Dienst zur Verf\u00fcgung gestellt, damit die Veranstaltung unvergesslich wird. Wir helfen und beraten Ihnen bei alles, was Sie ben\u00f6tigen um Ihre Tr\u00e4ume zu erf\u00fcllen.<\/p>\n<p>Eine traditionelle und innovative Gastronomie mit einheimischen Produkten Mallorcas und von Mittelmeer. Auf dieser Weise haben wir leckere Men\u00fcs entwickelt, die den Geschmack und die verschiedene Texturen perfekt kombinieren. <\/p>\n<\/div><\/div><div class=\"w-btn-wrapper align_left\"><a class=\"w-btn us-btn-style_1 us_custom_6f9c3709\" href=\"http:\/\/www.tiberi.es\/de\/kostenvoranschlag\/\"><span class=\"w-btn-label\">Unverbindlicher Kostenvoranschlag<\/span><\/a><\/div><\/div><\/div><\/div><\/div><\/div><\/section>\n","protected":false},"excerpt":{"rendered":"Catering f\u00fcr HochzeitenStartSeiten[rev_slider_vc alias=\"bodas\"]An diesem besonderen Tag bieten wir Ihnen Vertrauen, Erfahrung und Exklusivit\u00e4t an. In Tiberi Catering wird Ihnen unsere Berufserfahrung seit 2002 sowie einen pers\u00f6nlichen Dienst zur Verf\u00fcgung gestellt, damit die Veranstaltung unvergesslich wird. Wir helfen und beraten Ihnen bei alles, was Sie ben\u00f6tigen um Ihre Tr\u00e4ume zu erf\u00fcllen. Eine traditionelle und innovative...","protected":false},"author":1,"featured_media":0,"parent":3594,"menu_order":0,"comment_status":"closed","ping_status":"open","template":"","meta":{"footnotes":""},"class_list":["post-3596","page","type-page","status-publish","hentry"],"_links":{"self":[{"href":"https:\/\/www.tiberi.es\/de\/wp-json\/wp\/v2\/pages\/3596","targetHints":{"allow":["GET"]}}],"collection":[{"href":"https:\/\/www.tiberi.es\/de\/wp-json\/wp\/v2\/pages"}],"about":[{"href":"https:\/\/www.tiberi.es\/de\/wp-json\/wp\/v2\/types\/page"}],"author":[{"embeddable":true,"href":"https:\/\/www.tiberi.es\/de\/wp-json\/wp\/v2\/users\/1"}],"replies":[{"embeddable":true,"href":"https:\/\/www.tiberi.es\/de\/wp-json\/wp\/v2\/comments?post=3596"}],"version-history":[{"count":7,"href":"https:\/\/www.tiberi.es\/de\/wp-json\/wp\/v2\/pages\/3596\/revisions"}],"predecessor-version":[{"id":8674,"href":"https:\/\/www.tiberi.es\/de\/wp-json\/wp\/v2\/pages\/3596\/revisions\/8674"}],"up":[{"embeddable":true,"href":"https:\/\/www.tiberi.es\/de\/wp-json\/wp\/v2\/pages\/3594"}],"wp:attachment":[{"href":"https:\/\/www.tiberi.es\/de\/wp-json\/wp\/v2\/media?parent=3596"}],"curies":[{"name":"wp","href":"https:\/\/api.w.org\/{rel}","templated":true}]}}