{"id":3598,"date":"2014-04-02T09:48:52","date_gmt":"2014-04-02T09:48:52","guid":{"rendered":"http:\/\/www.tiberi.es\/catering-mallorca\/celebraciones\/"},"modified":"2023-04-27T16:00:36","modified_gmt":"2023-04-27T16:00:36","slug":"feier","status":"publish","type":"page","link":"https:\/\/www.tiberi.es\/de\/catering-mallorca\/feier\/","title":{"rendered":"Catering f\u00fcr Feier und private Feier"},"content":{"rendered":"<section class=\"l-section wpb_row height_small color_alternate\"><div class=\"l-section-h i-cf\"><div class=\"g-cols vc_row via_flex valign_middle type_default stacking_default\"><div class=\"vc_col-sm-6 wpb_column vc_column_container\"><div class=\"vc_column-inner\"><div class=\"wpb_wrapper\"><h1 class=\"w-post-elm post_title us_custom_607cd7e8 entry-title color_link_inherit\">Catering f\u00fcr Feier und private Feier<\/h1><\/div><\/div><\/div><div class=\"vc_col-sm-6 wpb_column vc_column_container\"><div class=\"vc_column-inner\"><div class=\"wpb_wrapper\"><nav class=\"g-breadcrumbs us_custom_ea2be81a separator_icon align_right\" itemscope itemtype=\"http:\/\/schema.org\/BreadcrumbList\"><div class=\"g-breadcrumbs-item\" itemscope itemprop=\"itemListElement\" itemtype=\"http:\/\/schema.org\/ListItem\"><a itemprop=\"item\" href=\"http:\/\/www.tiberi.es\/de\/\"><span itemprop=\"name\">Start<\/span><\/a><meta itemprop=\"position\" content=\"1\"\/><\/div><div class=\"g-breadcrumbs-separator\"><i class=\"far fa-angle-right\"><\/i><\/div><div class=\"g-breadcrumbs-item\">Seiten<\/div><\/nav><\/div><\/div><\/div><\/div><\/div><\/section><section class=\"l-section wpb_row height_medium\"><div class=\"l-section-h i-cf\"><div class=\"g-cols vc_row via_flex valign_top type_default stacking_default\"><div class=\"vc_col-sm-6 wpb_column vc_column_container\"><div class=\"vc_column-inner\"><div class=\"wpb_wrapper\">[rev_slider_vc alias=&#8220;celebraciones&#8220;]<\/div><\/div><\/div><div class=\"vc_col-sm-6 wpb_column vc_column_container us_animate_afr\"><div class=\"vc_column-inner\"><div class=\"wpb_wrapper\"><div class=\"wpb_text_column\"><div class=\"wpb_wrapper\"><h3>Jubil\u00e4um, Kommunion, Tauffeier, Geburtstag, soziales Treffen, etc.<\/h3>\n<p>Was suchen Sie? Ein Buffet, einen innovativen Cocktail, einen Snack, ein Gourmet Abendessen, nur das Essen, nur Getr\u00e4nk, nur Kellner, einen Chef bei Ihnen zu Hause, m\u00f6chten Sie alles? Sie sind genau richtig bei uns. Wir kombinieren den Catering Service mit dem  Gesch\u00e4ft, das Essen zum Mitnehmen vorbeireitet mit einer optimalen Anpassungsf\u00e4higkeit des Kundenservices. <\/p>\n<\/div><\/div><div class=\"w-btn-wrapper align_left\"><a class=\"w-btn us-btn-style_1 us_custom_6f9c3709\" href=\"http:\/\/www.tiberi.es\/de\/kostenvoranschlag\/\"><span class=\"w-btn-label\">Unverbindlicher Kostenvoranschlag<\/span><\/a><\/div><\/div><\/div><\/div><\/div><\/div><\/section>\n","protected":false},"excerpt":{"rendered":"Catering f\u00fcr Feier und private FeierStartSeiten[rev_slider_vc alias=\"celebraciones\"]Jubil\u00e4um, Kommunion, Tauffeier, Geburtstag, soziales Treffen, etc. Was suchen Sie? Ein Buffet, einen innovativen Cocktail, einen Snack, ein Gourmet Abendessen, nur das Essen, nur Getr\u00e4nk, nur Kellner, einen Chef bei Ihnen zu Hause, m\u00f6chten Sie alles? Sie sind genau richtig bei uns. Wir kombinieren den Catering Service mit dem...","protected":false},"author":1,"featured_media":0,"parent":3594,"menu_order":0,"comment_status":"closed","ping_status":"open","template":"","meta":{"footnotes":""},"class_list":["post-3598","page","type-page","status-publish","hentry"],"_links":{"self":[{"href":"https:\/\/www.tiberi.es\/de\/wp-json\/wp\/v2\/pages\/3598","targetHints":{"allow":["GET"]}}],"collection":[{"href":"https:\/\/www.tiberi.es\/de\/wp-json\/wp\/v2\/pages"}],"about":[{"href":"https:\/\/www.tiberi.es\/de\/wp-json\/wp\/v2\/types\/page"}],"author":[{"embeddable":true,"href":"https:\/\/www.tiberi.es\/de\/wp-json\/wp\/v2\/users\/1"}],"replies":[{"embeddable":true,"href":"https:\/\/www.tiberi.es\/de\/wp-json\/wp\/v2\/comments?post=3598"}],"version-history":[{"count":7,"href":"https:\/\/www.tiberi.es\/de\/wp-json\/wp\/v2\/pages\/3598\/revisions"}],"predecessor-version":[{"id":8676,"href":"https:\/\/www.tiberi.es\/de\/wp-json\/wp\/v2\/pages\/3598\/revisions\/8676"}],"up":[{"embeddable":true,"href":"https:\/\/www.tiberi.es\/de\/wp-json\/wp\/v2\/pages\/3594"}],"wp:attachment":[{"href":"https:\/\/www.tiberi.es\/de\/wp-json\/wp\/v2\/media?parent=3598"}],"curies":[{"name":"wp","href":"https:\/\/api.w.org\/{rel}","templated":true}]}}