{"id":3600,"date":"2014-04-02T07:49:39","date_gmt":"2014-04-02T07:49:39","guid":{"rendered":"http:\/\/www.tiberi.es\/catering-mallorca\/empresas\/"},"modified":"2023-04-27T16:00:36","modified_gmt":"2023-04-27T16:00:36","slug":"unternehmen","status":"publish","type":"page","link":"https:\/\/www.tiberi.es\/de\/catering-mallorca\/unternehmen\/","title":{"rendered":"Catering f\u00fcr Unternehmen und Institutionen"},"content":{"rendered":"<section class=\"l-section wpb_row height_small color_alternate\"><div class=\"l-section-h i-cf\"><div class=\"g-cols vc_row via_flex valign_middle type_default stacking_default\"><div class=\"vc_col-sm-6 wpb_column vc_column_container\"><div class=\"vc_column-inner\"><div class=\"wpb_wrapper\"><h1 class=\"w-post-elm post_title us_custom_607cd7e8 entry-title color_link_inherit\">Catering f\u00fcr Unternehmen und Institutionen<\/h1><\/div><\/div><\/div><div class=\"vc_col-sm-6 wpb_column vc_column_container\"><div class=\"vc_column-inner\"><div class=\"wpb_wrapper\"><nav class=\"g-breadcrumbs us_custom_ea2be81a separator_icon align_right\" itemscope itemtype=\"http:\/\/schema.org\/BreadcrumbList\"><div class=\"g-breadcrumbs-item\" itemscope itemprop=\"itemListElement\" itemtype=\"http:\/\/schema.org\/ListItem\"><a itemprop=\"item\" href=\"http:\/\/www.tiberi.es\/de\/\"><span itemprop=\"name\">Start<\/span><\/a><meta itemprop=\"position\" content=\"1\"\/><\/div><div class=\"g-breadcrumbs-separator\"><i class=\"far fa-angle-right\"><\/i><\/div><div class=\"g-breadcrumbs-item\">Seiten<\/div><\/nav><\/div><\/div><\/div><\/div><\/div><\/section><section class=\"l-section wpb_row height_medium\"><div class=\"l-section-h i-cf\"><div class=\"g-cols vc_row via_flex valign_top type_default stacking_default\"><div class=\"vc_col-sm-6 wpb_column vc_column_container\"><div class=\"vc_column-inner\"><div class=\"wpb_wrapper\">[rev_slider_vc alias=&#8220;empresas&#8220;]<\/div><\/div><\/div><div class=\"vc_col-sm-6 wpb_column vc_column_container us_animate_afr\"><div class=\"vc_column-inner\"><div class=\"wpb_wrapper\"><div class=\"wpb_text_column\"><div class=\"wpb_wrapper\"><h3>Ma\u00dfgeschneiderte L\u00f6sungen f\u00fcr jeden Anspruch<\/h3>\n<p>Von kleinen Feiern und Gesch\u00e4ftsessen bis zu gro\u00dfen Firmen-, Sport-, institutionellen oder kulturellen Veranstaltungen mit hunderten G\u00e4sten und renommierten Pers\u00f6nlichkeiten.  Wir bereiten sowohl ein Open Bar mit einem Stand als auch einen gastronomischen Service f\u00fcr Unternehmen und Firmenevents vor, wie zum Beispiel Tagungen, Konventionen und Incentive- Reisen.<\/p>\n<p>In Tiberi arbeiten wir zusammen mit den Unternehmen an der gew\u00fcnschten Veranstaltung. Wir k\u00fcmmern uns um das kleinste Detail und passen unsere Dienstleistungen an die Bed\u00fcrfnissen der Unternehmen an, von einem Fr\u00fchst\u00fcck bis zur Pr\u00e4sentation eines Produktes, immer auf die Interesse und Bild des Unternehmens aufpassend.<\/p>\n<p>Wir bieten Exklusivit\u00e4t, Kreativit\u00e4t und Qualit\u00e4t in allen Veranstaltungen an, wo und wenn der Kunde es m\u00f6chte.<\/p>\n<\/div><\/div><div class=\"w-btn-wrapper align_left\"><a class=\"w-btn us-btn-style_1 us_custom_6f9c3709\" href=\"http:\/\/www.tiberi.es\/de\/kostenvoranschlag\/\"><span class=\"w-btn-label\">Unverbindlicher Kostenvoranschlag<\/span><\/a><\/div><\/div><\/div><\/div><\/div><\/div><\/section>\n","protected":false},"excerpt":{"rendered":"Catering f\u00fcr Unternehmen und InstitutionenStartSeiten[rev_slider_vc alias=\"empresas\"]Ma\u00dfgeschneiderte L\u00f6sungen f\u00fcr jeden Anspruch Von kleinen Feiern und Gesch\u00e4ftsessen bis zu gro\u00dfen Firmen-, Sport-, institutionellen oder kulturellen Veranstaltungen mit hunderten G\u00e4sten und renommierten Pers\u00f6nlichkeiten. Wir bereiten sowohl ein Open Bar mit einem Stand als auch einen gastronomischen Service f\u00fcr Unternehmen und Firmenevents vor, wie zum Beispiel Tagungen, Konventionen und...","protected":false},"author":1,"featured_media":0,"parent":3594,"menu_order":0,"comment_status":"closed","ping_status":"open","template":"","meta":{"footnotes":""},"class_list":["post-3600","page","type-page","status-publish","hentry"],"_links":{"self":[{"href":"https:\/\/www.tiberi.es\/de\/wp-json\/wp\/v2\/pages\/3600","targetHints":{"allow":["GET"]}}],"collection":[{"href":"https:\/\/www.tiberi.es\/de\/wp-json\/wp\/v2\/pages"}],"about":[{"href":"https:\/\/www.tiberi.es\/de\/wp-json\/wp\/v2\/types\/page"}],"author":[{"embeddable":true,"href":"https:\/\/www.tiberi.es\/de\/wp-json\/wp\/v2\/users\/1"}],"replies":[{"embeddable":true,"href":"https:\/\/www.tiberi.es\/de\/wp-json\/wp\/v2\/comments?post=3600"}],"version-history":[{"count":7,"href":"https:\/\/www.tiberi.es\/de\/wp-json\/wp\/v2\/pages\/3600\/revisions"}],"predecessor-version":[{"id":8678,"href":"https:\/\/www.tiberi.es\/de\/wp-json\/wp\/v2\/pages\/3600\/revisions\/8678"}],"up":[{"embeddable":true,"href":"https:\/\/www.tiberi.es\/de\/wp-json\/wp\/v2\/pages\/3594"}],"wp:attachment":[{"href":"https:\/\/www.tiberi.es\/de\/wp-json\/wp\/v2\/media?parent=3600"}],"curies":[{"name":"wp","href":"https:\/\/api.w.org\/{rel}","templated":true}]}}