{"id":3602,"date":"2014-04-02T13:37:45","date_gmt":"2014-04-02T13:37:45","guid":{"rendered":"http:\/\/www.tiberi.es\/catering-mallorca\/fincas\/"},"modified":"2023-04-27T16:00:37","modified_gmt":"2023-04-27T16:00:37","slug":"grundstucke","status":"publish","type":"page","link":"https:\/\/www.tiberi.es\/de\/catering-mallorca\/grundstucke\/","title":{"rendered":"Grundst\u00fccke und R\u00e4ume"},"content":{"rendered":"<section class=\"l-section wpb_row height_small color_alternate\"><div class=\"l-section-h i-cf\"><div class=\"g-cols vc_row via_flex valign_middle type_default stacking_default\"><div class=\"vc_col-sm-6 wpb_column vc_column_container\"><div class=\"vc_column-inner\"><div class=\"wpb_wrapper\"><h1 class=\"w-post-elm post_title us_custom_607cd7e8 entry-title color_link_inherit\">Grundst\u00fccke und R\u00e4ume<\/h1><\/div><\/div><\/div><div class=\"vc_col-sm-6 wpb_column vc_column_container\"><div class=\"vc_column-inner\"><div class=\"wpb_wrapper\"><nav class=\"g-breadcrumbs us_custom_ea2be81a separator_icon align_right\" itemscope itemtype=\"http:\/\/schema.org\/BreadcrumbList\"><div class=\"g-breadcrumbs-item\" itemscope itemprop=\"itemListElement\" itemtype=\"http:\/\/schema.org\/ListItem\"><a itemprop=\"item\" href=\"http:\/\/www.tiberi.es\/de\/\"><span itemprop=\"name\">Start<\/span><\/a><meta itemprop=\"position\" content=\"1\"\/><\/div><div class=\"g-breadcrumbs-separator\"><i class=\"far fa-angle-right\"><\/i><\/div><div class=\"g-breadcrumbs-item\">Seiten<\/div><\/nav><\/div><\/div><\/div><\/div><\/div><\/section><section class=\"l-section wpb_row height_medium\"><div class=\"l-section-h i-cf\"><div class=\"g-cols vc_row via_flex valign_top type_default stacking_default\"><div class=\"vc_col-sm-6 wpb_column vc_column_container\"><div class=\"vc_column-inner\"><div class=\"wpb_wrapper\">[rev_slider_vc alias=&#8220;fincas&#8220;]<\/div><\/div><\/div><div class=\"vc_col-sm-6 wpb_column vc_column_container us_animate_afr\"><div class=\"vc_column-inner\"><div class=\"wpb_wrapper\"><div class=\"wpb_text_column\"><div class=\"wpb_wrapper\"><h3>Tiberi stellt die beste Lage f\u00fcr Sie zur Verf\u00fcgung<\/h3>\n<p>In Tiberi Catering verf\u00fcgen wir \u00fcber eine verschiedene Auswahl von Lagen und Grundst\u00fccke, die an den Geschmack und Bed\u00fcrfnisse der Veranstaltung und unserer Kunden anpassen, gem\u00e4\u00df der G\u00e4stezahl, der Zone, Kosten und der Veranstaltung. Wir bieten unseren Kunden eine kostenlose Beratung an und wir schlagen Ihnen den besten Platz f\u00fcr jede Veranstaltung vor.<\/p>\n<\/div><\/div><div class=\"w-btn-wrapper align_left\"><a class=\"w-btn us-btn-style_1 us_custom_6f9c3709\" href=\"http:\/\/www.tiberi.es\/de\/kostenvoranschlag\/\"><span class=\"w-btn-label\">Unverbindlicher Kostenvoranschlag<\/span><\/a><\/div><\/div><\/div><\/div><\/div><\/div><\/section>\n","protected":false},"excerpt":{"rendered":"Grundst\u00fccke und R\u00e4umeStartSeiten[rev_slider_vc alias=\"fincas\"]Tiberi stellt die beste Lage f\u00fcr Sie zur Verf\u00fcgung In Tiberi Catering verf\u00fcgen wir \u00fcber eine verschiedene Auswahl von Lagen und Grundst\u00fccke, die an den Geschmack und Bed\u00fcrfnisse der Veranstaltung und unserer Kunden anpassen, gem\u00e4\u00df der G\u00e4stezahl, der Zone, Kosten und der Veranstaltung. Wir bieten unseren Kunden eine kostenlose Beratung an und...","protected":false},"author":1,"featured_media":0,"parent":3594,"menu_order":0,"comment_status":"closed","ping_status":"open","template":"","meta":{"footnotes":""},"class_list":["post-3602","page","type-page","status-publish","hentry"],"_links":{"self":[{"href":"https:\/\/www.tiberi.es\/de\/wp-json\/wp\/v2\/pages\/3602","targetHints":{"allow":["GET"]}}],"collection":[{"href":"https:\/\/www.tiberi.es\/de\/wp-json\/wp\/v2\/pages"}],"about":[{"href":"https:\/\/www.tiberi.es\/de\/wp-json\/wp\/v2\/types\/page"}],"author":[{"embeddable":true,"href":"https:\/\/www.tiberi.es\/de\/wp-json\/wp\/v2\/users\/1"}],"replies":[{"embeddable":true,"href":"https:\/\/www.tiberi.es\/de\/wp-json\/wp\/v2\/comments?post=3602"}],"version-history":[{"count":7,"href":"https:\/\/www.tiberi.es\/de\/wp-json\/wp\/v2\/pages\/3602\/revisions"}],"predecessor-version":[{"id":8680,"href":"https:\/\/www.tiberi.es\/de\/wp-json\/wp\/v2\/pages\/3602\/revisions\/8680"}],"up":[{"embeddable":true,"href":"https:\/\/www.tiberi.es\/de\/wp-json\/wp\/v2\/pages\/3594"}],"wp:attachment":[{"href":"https:\/\/www.tiberi.es\/de\/wp-json\/wp\/v2\/media?parent=3602"}],"curies":[{"name":"wp","href":"https:\/\/api.w.org\/{rel}","templated":true}]}}