{"id":3604,"date":"2014-04-02T10:21:33","date_gmt":"2014-04-02T10:21:33","guid":{"rendered":"http:\/\/www.tiberi.es\/catering-mallorca\/platos\/"},"modified":"2023-04-27T16:00:37","modified_gmt":"2023-04-27T16:00:37","slug":"gerichte","status":"publish","type":"page","link":"https:\/\/www.tiberi.es\/de\/catering-mallorca\/gerichte\/","title":{"rendered":"Unsere Gerichte"},"content":{"rendered":"<section class=\"l-section wpb_row height_small color_alternate\"><div class=\"l-section-h i-cf\"><div class=\"g-cols vc_row via_flex valign_middle type_default stacking_default\"><div class=\"vc_col-sm-6 wpb_column vc_column_container\"><div class=\"vc_column-inner\"><div class=\"wpb_wrapper\"><h1 class=\"w-post-elm post_title us_custom_607cd7e8 entry-title color_link_inherit\">Unsere Gerichte<\/h1><\/div><\/div><\/div><div class=\"vc_col-sm-6 wpb_column vc_column_container\"><div class=\"vc_column-inner\"><div class=\"wpb_wrapper\"><nav class=\"g-breadcrumbs us_custom_ea2be81a separator_icon align_right\" itemscope itemtype=\"http:\/\/schema.org\/BreadcrumbList\"><div class=\"g-breadcrumbs-item\" itemscope itemprop=\"itemListElement\" itemtype=\"http:\/\/schema.org\/ListItem\"><a itemprop=\"item\" href=\"http:\/\/www.tiberi.es\/de\/\"><span itemprop=\"name\">Start<\/span><\/a><meta itemprop=\"position\" content=\"1\"\/><\/div><div class=\"g-breadcrumbs-separator\"><i class=\"far fa-angle-right\"><\/i><\/div><div class=\"g-breadcrumbs-item\">Seiten<\/div><\/nav><\/div><\/div><\/div><\/div><\/div><\/section><section class=\"l-section wpb_row height_medium\"><div class=\"l-section-h i-cf\"><div class=\"g-cols vc_row via_flex valign_top type_default stacking_default\"><div class=\"vc_col-sm-6 wpb_column vc_column_container\"><div class=\"vc_column-inner\"><div class=\"wpb_wrapper\">[rev_slider_vc alias=&#8220;platos&#8220;]<\/div><\/div><\/div><div class=\"vc_col-sm-6 wpb_column vc_column_container us_animate_afr\"><div class=\"vc_column-inner\"><div class=\"wpb_wrapper\"><div class=\"wpb_text_column\"><div class=\"wpb_wrapper\"><h3>Wir sind K\u00f6cher: Qualit\u00e4t, Vertrauen und Kreativit\u00e4t<\/h3>\n<p>Unsere Grundlagen sind klar: aktuelle K\u00fcche mit einheimischen Zutaten, schon immer mit au\u00dfergew\u00f6hnlichen Fachkr\u00e4ften. Alles begann vor vielen Jahren mit dem Chef \u201cMestre Tomeu Esteve\u201d, danach mit dem Meister Juan Romero, Mitglied und gastronomischer Berater und jetzt mit Rafa Genovard, Executive Chef Tiberis seit 2002.<\/p>\n<\/div><\/div><div class=\"w-btn-wrapper align_left\"><a class=\"w-btn us-btn-style_1 us_custom_6f9c3709\" href=\"http:\/\/www.tiberi.es\/de\/kostenvoranschlag\/\"><span class=\"w-btn-label\">Unverbindlicher Kostenvoranschlag<\/span><\/a><\/div><\/div><\/div><\/div><\/div><\/div><\/section>\n","protected":false},"excerpt":{"rendered":"Unsere GerichteStartSeiten[rev_slider_vc alias=\"platos\"]Wir sind K\u00f6cher: Qualit\u00e4t, Vertrauen und Kreativit\u00e4t Unsere Grundlagen sind klar: aktuelle K\u00fcche mit einheimischen Zutaten, schon immer mit au\u00dfergew\u00f6hnlichen Fachkr\u00e4ften. Alles begann vor vielen Jahren mit dem Chef \u201cMestre Tomeu Esteve\u201d, danach mit dem Meister Juan Romero, Mitglied und gastronomischer Berater und jetzt mit Rafa Genovard, Executive Chef Tiberis seit 2002. Unverbindlicher...","protected":false},"author":1,"featured_media":0,"parent":3594,"menu_order":0,"comment_status":"closed","ping_status":"open","template":"","meta":{"footnotes":""},"class_list":["post-3604","page","type-page","status-publish","hentry"],"_links":{"self":[{"href":"https:\/\/www.tiberi.es\/de\/wp-json\/wp\/v2\/pages\/3604","targetHints":{"allow":["GET"]}}],"collection":[{"href":"https:\/\/www.tiberi.es\/de\/wp-json\/wp\/v2\/pages"}],"about":[{"href":"https:\/\/www.tiberi.es\/de\/wp-json\/wp\/v2\/types\/page"}],"author":[{"embeddable":true,"href":"https:\/\/www.tiberi.es\/de\/wp-json\/wp\/v2\/users\/1"}],"replies":[{"embeddable":true,"href":"https:\/\/www.tiberi.es\/de\/wp-json\/wp\/v2\/comments?post=3604"}],"version-history":[{"count":9,"href":"https:\/\/www.tiberi.es\/de\/wp-json\/wp\/v2\/pages\/3604\/revisions"}],"predecessor-version":[{"id":8682,"href":"https:\/\/www.tiberi.es\/de\/wp-json\/wp\/v2\/pages\/3604\/revisions\/8682"}],"up":[{"embeddable":true,"href":"https:\/\/www.tiberi.es\/de\/wp-json\/wp\/v2\/pages\/3594"}],"wp:attachment":[{"href":"https:\/\/www.tiberi.es\/de\/wp-json\/wp\/v2\/media?parent=3604"}],"curies":[{"name":"wp","href":"https:\/\/api.w.org\/{rel}","templated":true}]}}