{"id":3616,"date":"2014-03-27T10:52:49","date_gmt":"2014-03-27T10:52:49","guid":{"rendered":"http:\/\/www.tiberi.es\/quienes-somos-2\/"},"modified":"2023-04-27T16:00:37","modified_gmt":"2023-04-27T16:00:37","slug":"uber-uns","status":"publish","type":"page","link":"https:\/\/www.tiberi.es\/de\/uber-uns\/","title":{"rendered":"\u00dcber uns"},"content":{"rendered":"<section class=\"l-section wpb_row height_small color_alternate\"><div class=\"l-section-h i-cf\"><div class=\"g-cols vc_row via_flex valign_middle type_default stacking_default\"><div class=\"vc_col-sm-6 wpb_column vc_column_container\"><div class=\"vc_column-inner\"><div class=\"wpb_wrapper\"><h1 class=\"w-post-elm post_title us_custom_607cd7e8 entry-title color_link_inherit\">\u00dcber uns<\/h1><\/div><\/div><\/div><div class=\"vc_col-sm-6 wpb_column vc_column_container\"><div class=\"vc_column-inner\"><div class=\"wpb_wrapper\"><nav class=\"g-breadcrumbs us_custom_ea2be81a separator_icon align_right\" itemscope itemtype=\"http:\/\/schema.org\/BreadcrumbList\"><div class=\"g-breadcrumbs-item\" itemscope itemprop=\"itemListElement\" itemtype=\"http:\/\/schema.org\/ListItem\"><a itemprop=\"item\" href=\"http:\/\/www.tiberi.es\/de\/\"><span itemprop=\"name\">Start<\/span><\/a><meta itemprop=\"position\" content=\"1\"\/><\/div><div class=\"g-breadcrumbs-separator\"><i class=\"far fa-angle-right\"><\/i><\/div><div class=\"g-breadcrumbs-item\">Seiten<\/div><\/nav><\/div><\/div><\/div><\/div><\/div><\/section><section class=\"l-section wpb_row height_medium\"><div class=\"l-section-h i-cf\"><div class=\"g-cols vc_row via_flex valign_top type_default stacking_default\"><div class=\"vc_col-sm-12 wpb_column vc_column_container\"><div class=\"vc_column-inner\"><div class=\"wpb_wrapper\"><div class=\"g-cols wpb_row via_flex valign_top type_default stacking_default\"><div class=\"vc_col-sm-6 wpb_column vc_column_container\"><div class=\"vc_column-inner\"><div class=\"wpb_wrapper\">[rev_slider_vc alias=&#8220;quienes&#8220;]<\/div><\/div><\/div><div class=\"vc_col-sm-6 wpb_column vc_column_container us_animate_afr\"><div class=\"vc_column-inner\"><div class=\"wpb_wrapper\"><div class=\"w-tabs style_default switch_click accordion has_scrolling\" style=\"--sections-title-size:inherit\"><div class=\"w-tabs-sections titles-align_none icon_chevron cpos_right\"><div class=\"w-tabs-section\" id=\"k4a7\"><button class=\"w-tabs-section-header\" aria-controls=\"content-k4a7\" aria-expanded=\"false\"><div class=\"w-tabs-section-title\">Wir sind ein pers\u00f6nliches Engagement, seit jeher<\/div><div class=\"w-tabs-section-control\"><\/div><\/button><div  class=\"w-tabs-section-content\" id=\"content-k4a7\"><div class=\"w-tabs-section-content-h i-cf\"><div class=\"wpb_text_column\"><div class=\"wpb_wrapper\"><p>Seit unserer Schaffung, haben wir gelernt, dass um konkurrenzf\u00e4hig zu werden, m\u00fcssen wir unseren Kunden und der Gesellschaft Vertrauen zeigen.<\/p>\n<\/div><\/div><\/div><\/div><\/div><div class=\"w-tabs-section\" id=\"h80a\"><button class=\"w-tabs-section-header\" aria-controls=\"content-h80a\" aria-expanded=\"false\"><div class=\"w-tabs-section-title\">Erfahrung und Solvenz<\/div><div class=\"w-tabs-section-control\"><\/div><\/button><div  class=\"w-tabs-section-content\" id=\"content-h80a\"><div class=\"w-tabs-section-content-h i-cf\"><div class=\"wpb_text_column\"><div class=\"wpb_wrapper\"><p>Tiberi wurde 2002 dank der Hilfe des Chefkochs Juan Romero gegr\u00fcndet. Er machte seinen Abschluss in der Mestre Tomeu Esteve Akademie und war der Chefkoch in den besten Restaurants Mallorcas. Durch seine langj\u00e4hrige Berufserfahrung wurde er mit einen Michelin Stern ausgezeichnet. Aktuell ist er der Partner und Berater in Gastronomie seines Nachfolgers, Rafa Genovard, wer der Executive Chef Tiberis ist.<\/p>\n<p>Als Unternehmen haben wir die Vorstellungen klar. Wir bieten Qualit\u00e4t und Kundendienst an und haben die gleiche Philosophie wie immer. Von Anfang an haben wir immer mehr Projekte und Kunden bekommen und jetzt sind wir ein renommiertes Unternehmen in der Branche geworden.<\/p>\n<\/div><\/div><\/div><\/div><\/div><div class=\"w-tabs-section\" id=\"uae7\"><button class=\"w-tabs-section-header\" aria-controls=\"content-uae7\" aria-expanded=\"false\"><div class=\"w-tabs-section-title\">Unternehmensverantwortung<\/div><div class=\"w-tabs-section-control\"><\/div><\/button><div  class=\"w-tabs-section-content\" id=\"content-uae7\"><div class=\"w-tabs-section-content-h i-cf\"><div class=\"wpb_text_column\"><div class=\"wpb_wrapper\"><p>In Tiberi verf\u00fcgen wir \u00fcber einen Plan von Analysen und Kontrolle kritischer Punkte mit strengen hygienischen und sanit\u00e4ren Kontrollen zur Gew\u00e4hrleistung der Qualit\u00e4t und Zuverl\u00e4ssigkeit aller Produkten. Registrierungsnummer  RGSA 26.09738\/PM.<\/p>\n<\/div><\/div><\/div><\/div><\/div><div class=\"w-tabs-section active\" id=\"bd7b\"><button class=\"w-tabs-section-header active\" aria-controls=\"content-bd7b\" aria-expanded=\"true\"><div class=\"w-tabs-section-title\">Das Team<\/div><div class=\"w-tabs-section-control\"><\/div><\/button><div  class=\"w-tabs-section-content\" id=\"content-bd7b\"><div class=\"w-tabs-section-content-h i-cf\"><div class=\"wpb_text_column\"><div class=\"wpb_wrapper\"><p>In Tiberis verf\u00fcgen wir \u00fcber qualifizierte Fachkr\u00e4fte und Experte in der Gastronomie-Branche. Wir arbeiten t\u00e4glich an der Weiterbildung unserer Mitarbeiter und an der Verbesserung unseres Kundendiensts.<\/p>\n<\/div><\/div><\/div><\/div><\/div><div class=\"w-tabs-section\" id=\"d127\"><button class=\"w-tabs-section-header\" aria-controls=\"content-d127\" aria-expanded=\"false\"><div class=\"w-tabs-section-title\">Soziale Verantwortung<\/div><div class=\"w-tabs-section-control\"><\/div><\/button><div  class=\"w-tabs-section-content\" id=\"content-d127\"><div class=\"w-tabs-section-content-h i-cf\"><div class=\"wpb_text_column\"><div class=\"wpb_wrapper\"><p>Wir verstehen uns als ein zuverl\u00e4ssiges und nachhaltiges Unternehmen. Wir arbeiten t\u00e4glich mit in unserer Kultur und Verwaltung integrierten Prinzipien: Vereinbarkeit von Berufs- und Familienleben, Arbeitsflexibilit\u00e4t, Geschlechtergleichstellung, Umweltschutz und -engagement, die pers\u00f6nliche Entwicklung und die Bildung.<\/p>\n<p>Das Essen wird nicht weggeworfen: jeden Tag holen verschiedene NGO das \u00fcbrige Essen ab, um es danach in einigen Tafeln zu verteilen.<\/p>\n<p><i class=\"fa fa-file-text\"><\/i> <a href=\"http:\/\/www.tiberi.es\/wp-content\/uploads\/2014\/03\/agraiment_mallorca_sense_fam_170412.pdf\">Mallorca sense Fam Dankesbrief (PDF) &#8222;Mallorca ohne Hunger&#8220;<\/a><\/p>\n<p><i class=\"fa fa-file-text\"><\/i> <a href=\"http:\/\/www.tiberi.es\/wp-content\/uploads\/2014\/03\/carta_agrament_mallorca_sense_fam.pdf\">&#8222;Trobada Cultural Solid\u00e0ria&#8220; Dankesbrief (PDF) &#8222;Kulturelles und solidarisches Treffen&#8220;<\/a><\/p>\n<\/div><\/div><\/div><\/div><\/div><div class=\"w-tabs-section\" id=\"a3cb\"><button class=\"w-tabs-section-header\" aria-controls=\"content-a3cb\" aria-expanded=\"false\"><div class=\"w-tabs-section-title\">F\u00f6rderung des einheimischen Produktes<\/div><div class=\"w-tabs-section-control\"><\/div><\/button><div  class=\"w-tabs-section-content\" id=\"content-a3cb\"><div class=\"w-tabs-section-content-h i-cf\"><div class=\"wpb_text_column\"><div class=\"wpb_wrapper\"><p style=\"text-align: left;\">Wir setzen auf in unserer Umgebung zubereitete und hergestellte Rohstoffe und gew\u00e4hrleisten die Frische und entsprechende Qualit\u00e4t unserer Produkten.<\/p>\n<\/div><\/div><\/div><\/div><\/div><div class=\"w-tabs-section\" id=\"m647\"><button class=\"w-tabs-section-header\" aria-controls=\"content-m647\" aria-expanded=\"false\"><div class=\"w-tabs-section-title\">Forschung- und Entwicklungsprojekten<\/div><div class=\"w-tabs-section-control\"><\/div><\/button><div  class=\"w-tabs-section-content\" id=\"content-m647\"><div class=\"w-tabs-section-content-h i-cf\"><div class=\"wpb_text_column\"><div class=\"wpb_wrapper\"><p>Wir innovieren haupts\u00e4chlich mit einheimischen Produkten und erstellen neue Rezepte und Gerichte, die in unserer Angebot inbegriffen sind.<\/p>\n<\/div><\/div><\/div><\/div><\/div><\/div><\/div><\/div><\/div><\/div><\/div><div class=\"g-cols wpb_row via_flex valign_top type_default stacking_default\"><div class=\"vc_col-sm-12 wpb_column vc_column_container\"><div class=\"vc_column-inner\"><div class=\"wpb_wrapper\"><\/div><\/div><\/div><\/div><\/div><\/div><\/div><\/div><\/div><\/section>\n","protected":false},"excerpt":{"rendered":"\u00dcber unsStartSeiten[rev_slider_vc alias=\"quienes\"]Wir sind ein pers\u00f6nliches Engagement, seit jeherSeit unserer Schaffung, haben wir gelernt, dass um konkurrenzf\u00e4hig zu werden, m\u00fcssen wir unseren Kunden und der Gesellschaft Vertrauen zeigen. Erfahrung und SolvenzTiberi wurde 2002 dank der Hilfe des Chefkochs Juan Romero gegr\u00fcndet. Er machte seinen Abschluss in der Mestre Tomeu Esteve Akademie und war der Chefkoch...","protected":false},"author":1,"featured_media":0,"parent":0,"menu_order":0,"comment_status":"closed","ping_status":"open","template":"","meta":{"footnotes":""},"class_list":["post-3616","page","type-page","status-publish","hentry"],"_links":{"self":[{"href":"https:\/\/www.tiberi.es\/de\/wp-json\/wp\/v2\/pages\/3616","targetHints":{"allow":["GET"]}}],"collection":[{"href":"https:\/\/www.tiberi.es\/de\/wp-json\/wp\/v2\/pages"}],"about":[{"href":"https:\/\/www.tiberi.es\/de\/wp-json\/wp\/v2\/types\/page"}],"author":[{"embeddable":true,"href":"https:\/\/www.tiberi.es\/de\/wp-json\/wp\/v2\/users\/1"}],"replies":[{"embeddable":true,"href":"https:\/\/www.tiberi.es\/de\/wp-json\/wp\/v2\/comments?post=3616"}],"version-history":[{"count":5,"href":"https:\/\/www.tiberi.es\/de\/wp-json\/wp\/v2\/pages\/3616\/revisions"}],"predecessor-version":[{"id":8690,"href":"https:\/\/www.tiberi.es\/de\/wp-json\/wp\/v2\/pages\/3616\/revisions\/8690"}],"wp:attachment":[{"href":"https:\/\/www.tiberi.es\/de\/wp-json\/wp\/v2\/media?parent=3616"}],"curies":[{"name":"wp","href":"https:\/\/api.w.org\/{rel}","templated":true}]}}